{"id":125,"date":"2020-05-21T11:24:24","date_gmt":"2020-05-21T11:24:24","guid":{"rendered":"https:\/\/polarizepoker.com.br\/site2\/?page_id=125"},"modified":"2022-03-09T18:22:07","modified_gmt":"2022-03-09T18:22:07","slug":"rui-arise-milhomens","status":"publish","type":"page","link":"https:\/\/polarize.poker\/en\/coaches\/rui-arise-milhomens\/","title":{"rendered":"Rui \u201cArise\u201d Milhomens \u2013 Coach"},"content":{"rendered":"\r\n<header class=\"tw-bg-center tw-bg-cover tw-overflow-hidden\" style=\"background-image: url(\/wp-content\/uploads\/bgCoachHeader.jpg);\">\r\n    <div class=\"pp-content tw-bg-gradient-to-t tw-from-primary xl:tw-from-transparent\">\r\n        <div class=\"container tw-text-white tw-pt-10 tw-text-center tw-grid xl:tw-text-left xl:tw-grid-cols-3\">\r\n            <div class=\"tw-flex tw-align-bottom tw-justify-center\">\r\n                <img decoding=\"async\" class=\"tw-hidden xl:tw-inline-flex tw-object-cover\" src=\"\/wp-content\/uploads\/arise_2.png\" alt=\"\"\/>\r\n                <span class=\"xl:tw-hidden tw-inline-block tw-rounded-full tw-bg-white tw-shadow-lg tw-p-2 tw-mb-6\">\r\n                    <img decoding=\"async\" class=\"tw-rounded-full\" src=\"\/wp-content\/uploads\/arise.png\" alt=\"\"\/>\r\n                <\/span>    \r\n            <\/div>\r\n\r\n            <div class=\"tw-pb-6 tw-px-2 tw-pt-0 tw-self-center xl:tw-col-span-2\">\r\n                <h5 class=\"tw-text-white tw-mb-2\">\r\n                    Rui Milhomens                <\/h5>\r\n                <h1 class=\"tw-text-white tw-mb-6\">\r\n                    Arise                <\/h1>\r\n                <div class=\"tw-mx-auto tw-max-w-4xl xl:tw-text-justify [&>p]:tw-mb-4\">\r\n                    <p class=\"tw-text-lg\">\r\n                        Rui Arise Milhomens procura sempre que o seu jogo e o seu coaching sejam um equil\u00edbrio perfeito entre uma s\u00f3lida teoria de jogo baseada em GTO - Game Theory Optimal - e um entendimento muito aprofundado das fraquezas das popula\u00e7\u00f5es. <\/p><p>Esse equil\u00edbrio permite aumentar significativamente as win-rates num jogo que \u00e9 hoje altamente competitivo. <\/p><p>Considerado desde sempre um dos melhores cash gamers portugueses, hoje pode-se tamb\u00e9m orgulhar de ser um dos melhores professores do jogo. <\/p><p>Com v\u00e1rios anos de experi\u00eancia de coaching e com a satisfa\u00e7\u00e3o de ter ajudado v\u00e1rios jogadores portugueses a atingir os stakes mais altos, continua focado na sua pr\u00f3pria evolu\u00e7\u00e3o, para partilhar cada vez mais conhecimentos com os seus alunos.                    <\/p>\r\n                <\/div>\r\n            <\/div>\r\n        <\/div>\r\n    <\/div>\r\n<\/header>\r\n\r\n<section class=\"tw-bg-primary tw-text-white\">\r\n    <div class=\"pp-content\">\r\n        <div class=\"container tw-my-auto tw-py-5 tw-text-center\">\r\n            <div class=\"tw-my-0 tw-grid tw-grid-cols-1 md:tw-grid-cols-2 lg:tw-grid-cols-4 tw-text-center tw-overflow-hidden tw-relative\">\r\n                <div class=\"tw-px-5 tw-py-12\">\r\n                    <h2 class=\"tw-mb-2 tw-text-3xl tw-font-bold tw-text-accent\">2017<\/h2>\r\n                    <h3 class=\"tw-mb-4 tw-tracking-wide tw-text-2xl tw-font-bold tw-text-white\">A jogar desde<\/h3>\r\n                    <p class=\"tw-mb-0 tw-max-w-sm tw-text-lg tw-mx-auto\">Os nossos head coaches lideram projectos de coaching e staking desde 2017.<\/p>\r\n                <\/div>\r\n                <div class=\"tw-px-5 tw-py-12\">\r\n                    <h2 class=\"tw-mb-2 tw-text-3xl tw-font-bold tw-text-accent\">+150<\/h2>\r\n                    <h3 class=\"tw-mb-4 tw-tracking-wide tw-text-2xl tw-font-bold tw-text-white\">Jogadores coached<\/h3>\r\n                    <p class=\"tw-mb-0 tw-max-w-sm tw-text-lg tw-mx-auto\">Mais de 50 jogadores receberam coaching nos \u00faltimos 3 anos.<\/p>\r\n                <\/div>\r\n                <div class=\"tw-px-5 tw-py-12\">\r\n                    <h2 class=\"tw-mb-2 tw-text-3xl tw-font-bold tw-text-accent\">98%<\/h2>\r\n                    <h3 class=\"tw-mb-4 tw-tracking-wide tw-text-2xl tw-font-bold tw-text-white\">Alunos lucrativos<\/h3>\r\n                    <p class=\"tw-mb-0 tw-max-w-sm tw-text-lg tw-mx-auto\">Os jogadores que passaram pelo projeto tiveram uma taxa de sucesso impressionante.<\/p>\r\n                <\/div>\r\n                <div class=\"tw-px-5 tw-py-12\">\r\n                    <h2 class=\"tw-mb-2 tw-text-3xl tw-font-bold tw-text-accent\">+25M<\/h2>\r\n                    <h3 class=\"tw-mb-4 tw-tracking-wide tw-text-2xl tw-font-bold tw-text-white\">M\u00e3os jogadas<\/h3>\r\n                    <p class=\"tw-mb-0 tw-max-w-sm tw-text-lg tw-mx-auto\">Mais de 25 milh\u00f5es de m\u00e3os jogadas pelos nossos jogadores nos \u00faltimos 3 anos.<\/p>\r\n                <\/div>\r\n            <\/div>\r\n        <\/div>\r\n    <\/div>\r\n<\/section>\r\n\r\n\r\n\r\n<div class=\"pp-content tw-bg-white\">\r\n    <div class=\"container tw-py-20 tw-text-center\">\r\n        <h2 class=\"tw-mb-10 tw-text-center tw-text-3xl lg:tw-text-4xl tw-underline tw-underline-offset-4 tw-decoration-accent\">\r\n            Resultados\r\n        <\/h2>\r\n        <img decoding=\"async\"  src=\"\/wp-content\/uploads\/graph_arise.jpg\">\r\n    <\/div>\r\n<\/div>\r\n\r\n\r\n\n<div class=\"tw-bg-cover tw-bg-center\" style=\"background-image:url(\/wp-content\/uploads\/background-pattern.jpg)\">\n    <div class=\"pp-content\">\n        <div class=\"container tw-py-20 xl:tw-flex xl:tw-items-center xl:tw-justify-between\">\n            <div class=\"tw-text-center xl:tw-text-left\">\n                <h2 class=\"tw-text-white tw-mb-8 tw-text-3xl lg:tw-text-4xl tw-underline tw-decoration-accent tw-underline-offset-4\">\n                    Candidaturas abertas!                <\/h2>\n                <p class=\"tw-mb-0 tw-text-white\/90 tw-text-lg tw-max-w-4xl xl:tw-max-w-3xl 2xl:tw-max-w-4xl tw-mx-auto\">\n                    Se sentes que tens o que \u00e9 preciso para integrar a nossa equipa e jogar entre os melhores nas mesas de <b>Cash Games<\/b>, preenche a tua candidatura! <b>Rui Milhomens<\/b> e <b>Diogo Borges<\/b> h\u00e1 mais de 2 anos que lideram um projecto de coaching e staking, projecto esse que se orgulha de ter orientado mais de 50 jogadores ganhadores e muitos deles a jogar os limites mais altos online.                <\/p>\n            <\/div>\n            <div class=\"tw-text-center xl:tw-flex-shrink-0\">\n                <a href=\"\/candidatura\/\">\n                    <button type=\"button\" class=\"tw-mt-8 tw-py-3 tw-px-8 tw-text-lg tw-border tw-border-transparent tw-font-medium tw-rounded-full tw-text-black tw-bg-accent xl:tw-text-2xl xl:tw-py-4 xl:tw-px-10\">\n                        CANDIDATA-TE\n                    <\/button>\n                <\/a>\n            <\/div>    \n        <\/div>\n    <\/div>\n<\/div>\n \r\n\r\n","protected":false},"excerpt":{"rendered":"","protected":false},"author":1,"featured_media":0,"parent":42649,"menu_order":3,"comment_status":"closed","ping_status":"closed","template":"page-fullwidth-content.php","meta":{"footnotes":""},"class_list":["post-125","page","type-page","status-publish","hentry"],"yoast_head":"<!-- This site is optimized with the Yoast SEO plugin v25.6 - https:\/\/yoast.com\/wordpress\/plugins\/seo\/ -->\n<title>Rui &quot;Arise&quot; Milhomens - Coach - Polarize Poker<\/title>\n<meta name=\"robots\" content=\"index, follow, max-snippet:-1, max-image-preview:large, max-video-preview:-1\" \/>\n<link rel=\"canonical\" href=\"https:\/\/polarize.poker\/en\/coaches\/rui-arise-milhomens\/\" \/>\n<meta property=\"og:locale\" content=\"en_US\" \/>\n<meta property=\"og:type\" content=\"article\" \/>\n<meta property=\"og:title\" content=\"Rui &quot;Arise&quot; Milhomens - Coach - Polarize Poker\" \/>\n<meta property=\"og:url\" content=\"https:\/\/polarize.poker\/en\/coaches\/rui-arise-milhomens\/\" \/>\n<meta property=\"og:site_name\" content=\"Polarize Poker\" \/>\n<meta property=\"article:modified_time\" content=\"2022-03-09T18:22:07+00:00\" \/>\n<meta name=\"twitter:card\" content=\"summary_large_image\" \/>\n<script type=\"application\/ld+json\" class=\"yoast-schema-graph\">{\"@context\":\"https:\/\/schema.org\",\"@graph\":[{\"@type\":\"WebPage\",\"@id\":\"https:\/\/polarize.poker\/coaches\/rui-arise-milhomens\/\",\"url\":\"https:\/\/polarize.poker\/coaches\/rui-arise-milhomens\/\",\"name\":\"Rui \\\"Arise\\\" Milhomens - Coach - Polarize Poker\",\"isPartOf\":{\"@id\":\"https:\/\/polarize.poker\/#website\"},\"datePublished\":\"2020-05-21T11:24:24+00:00\",\"dateModified\":\"2022-03-09T18:22:07+00:00\",\"breadcrumb\":{\"@id\":\"https:\/\/polarize.poker\/coaches\/rui-arise-milhomens\/#breadcrumb\"},\"inLanguage\":\"en-US\",\"potentialAction\":[{\"@type\":\"ReadAction\",\"target\":[\"https:\/\/polarize.poker\/coaches\/rui-arise-milhomens\/\"]}]},{\"@type\":\"BreadcrumbList\",\"@id\":\"https:\/\/polarize.poker\/coaches\/rui-arise-milhomens\/#breadcrumb\",\"itemListElement\":[{\"@type\":\"ListItem\",\"position\":1,\"name\":\"In\u00edcio\",\"item\":\"https:\/\/polarize.poker\/\"},{\"@type\":\"ListItem\",\"position\":2,\"name\":\"Coaches\",\"item\":\"https:\/\/polarize.poker\/coaches\/\"},{\"@type\":\"ListItem\",\"position\":3,\"name\":\"Rui &#8220;Arise&#8221; Milhomens &#8211; Coach\"}]},{\"@type\":\"WebSite\",\"@id\":\"https:\/\/polarize.poker\/#website\",\"url\":\"https:\/\/polarize.poker\/\",\"name\":\"Polarize Poker\",\"description\":\"Coaching &amp; Staking\",\"publisher\":{\"@id\":\"https:\/\/polarize.poker\/#organization\"},\"potentialAction\":[{\"@type\":\"SearchAction\",\"target\":{\"@type\":\"EntryPoint\",\"urlTemplate\":\"https:\/\/polarize.poker\/?s={search_term_string}\"},\"query-input\":{\"@type\":\"PropertyValueSpecification\",\"valueRequired\":true,\"valueName\":\"search_term_string\"}}],\"inLanguage\":\"en-US\"},{\"@type\":\"Organization\",\"@id\":\"https:\/\/polarize.poker\/#organization\",\"name\":\"Polarize Poker\",\"url\":\"https:\/\/polarize.poker\/\",\"logo\":{\"@type\":\"ImageObject\",\"inLanguage\":\"en-US\",\"@id\":\"https:\/\/polarize.poker\/#\/schema\/logo\/image\/\",\"url\":\"https:\/\/polarize.poker\/wp-content\/uploads\/2020\/05\/polarize-logo.png\",\"contentUrl\":\"https:\/\/polarize.poker\/wp-content\/uploads\/2020\/05\/polarize-logo.png\",\"width\":600,\"height\":600,\"caption\":\"Polarize Poker\"},\"image\":{\"@id\":\"https:\/\/polarize.poker\/#\/schema\/logo\/image\/\"}}]}<\/script>\n<!-- \/ Yoast SEO plugin. -->","yoast_head_json":{"title":"Rui \"Arise\" Milhomens - Coach - Polarize Poker","robots":{"index":"index","follow":"follow","max-snippet":"max-snippet:-1","max-image-preview":"max-image-preview:large","max-video-preview":"max-video-preview:-1"},"canonical":"https:\/\/polarize.poker\/en\/coaches\/rui-arise-milhomens\/","og_locale":"en_US","og_type":"article","og_title":"Rui \"Arise\" Milhomens - Coach - Polarize Poker","og_url":"https:\/\/polarize.poker\/en\/coaches\/rui-arise-milhomens\/","og_site_name":"Polarize Poker","article_modified_time":"2022-03-09T18:22:07+00:00","twitter_card":"summary_large_image","schema":{"@context":"https:\/\/schema.org","@graph":[{"@type":"WebPage","@id":"https:\/\/polarize.poker\/coaches\/rui-arise-milhomens\/","url":"https:\/\/polarize.poker\/coaches\/rui-arise-milhomens\/","name":"Rui \"Arise\" Milhomens - Coach - Polarize Poker","isPartOf":{"@id":"https:\/\/polarize.poker\/#website"},"datePublished":"2020-05-21T11:24:24+00:00","dateModified":"2022-03-09T18:22:07+00:00","breadcrumb":{"@id":"https:\/\/polarize.poker\/coaches\/rui-arise-milhomens\/#breadcrumb"},"inLanguage":"en-US","potentialAction":[{"@type":"ReadAction","target":["https:\/\/polarize.poker\/coaches\/rui-arise-milhomens\/"]}]},{"@type":"BreadcrumbList","@id":"https:\/\/polarize.poker\/coaches\/rui-arise-milhomens\/#breadcrumb","itemListElement":[{"@type":"ListItem","position":1,"name":"In\u00edcio","item":"https:\/\/polarize.poker\/"},{"@type":"ListItem","position":2,"name":"Coaches","item":"https:\/\/polarize.poker\/coaches\/"},{"@type":"ListItem","position":3,"name":"Rui &#8220;Arise&#8221; Milhomens &#8211; Coach"}]},{"@type":"WebSite","@id":"https:\/\/polarize.poker\/#website","url":"https:\/\/polarize.poker\/","name":"Polarize Poker","description":"Coaching &amp; Staking","publisher":{"@id":"https:\/\/polarize.poker\/#organization"},"potentialAction":[{"@type":"SearchAction","target":{"@type":"EntryPoint","urlTemplate":"https:\/\/polarize.poker\/?s={search_term_string}"},"query-input":{"@type":"PropertyValueSpecification","valueRequired":true,"valueName":"search_term_string"}}],"inLanguage":"en-US"},{"@type":"Organization","@id":"https:\/\/polarize.poker\/#organization","name":"Polarize Poker","url":"https:\/\/polarize.poker\/","logo":{"@type":"ImageObject","inLanguage":"en-US","@id":"https:\/\/polarize.poker\/#\/schema\/logo\/image\/","url":"https:\/\/polarize.poker\/wp-content\/uploads\/2020\/05\/polarize-logo.png","contentUrl":"https:\/\/polarize.poker\/wp-content\/uploads\/2020\/05\/polarize-logo.png","width":600,"height":600,"caption":"Polarize Poker"},"image":{"@id":"https:\/\/polarize.poker\/#\/schema\/logo\/image\/"}}]}},"_links":{"self":[{"href":"https:\/\/polarize.poker\/en\/wp-json\/wp\/v2\/pages\/125"}],"collection":[{"href":"https:\/\/polarize.poker\/en\/wp-json\/wp\/v2\/pages"}],"about":[{"href":"https:\/\/polarize.poker\/en\/wp-json\/wp\/v2\/types\/page"}],"author":[{"embeddable":true,"href":"https:\/\/polarize.poker\/en\/wp-json\/wp\/v2\/users\/1"}],"replies":[{"embeddable":true,"href":"https:\/\/polarize.poker\/en\/wp-json\/wp\/v2\/comments?post=125"}],"version-history":[{"count":0,"href":"https:\/\/polarize.poker\/en\/wp-json\/wp\/v2\/pages\/125\/revisions"}],"up":[{"embeddable":true,"href":"https:\/\/polarize.poker\/en\/wp-json\/wp\/v2\/pages\/42649"}],"wp:attachment":[{"href":"https:\/\/polarize.poker\/en\/wp-json\/wp\/v2\/media?parent=125"}],"curies":[{"name":"wp","href":"https:\/\/api.w.org\/{rel}","templated":true}]}}