{"id":42665,"date":"2020-07-07T16:12:44","date_gmt":"2020-07-07T16:12:44","guid":{"rendered":"https:\/\/polarizepoker.com.br\/?page_id=42665"},"modified":"2022-02-08T11:44:29","modified_gmt":"2022-02-08T11:44:29","slug":"rui-ruinf-ferreira","status":"publish","type":"page","link":"https:\/\/polarize.poker\/en\/coaches\/rui-ruinf-ferreira\/","title":{"rendered":"Rui \u201cRuiNF\u201d Ferreira \u2013 Coach"},"content":{"rendered":"\r\n<header class=\"tw-bg-center tw-bg-cover tw-overflow-hidden\" style=\"background-image: url(\/wp-content\/uploads\/bgCoachHeader.jpg);\">\r\n    <div class=\"pp-content tw-bg-gradient-to-t tw-from-primary xl:tw-from-transparent\">\r\n        <div class=\"container tw-text-white tw-pt-10 tw-text-center tw-grid xl:tw-text-left xl:tw-grid-cols-3\">\r\n            <div class=\"tw-flex tw-align-bottom tw-justify-center\">\r\n                <img decoding=\"async\" class=\"tw-hidden xl:tw-inline-flex tw-object-cover\" src=\"\/wp-content\/uploads\/ruinf_2.png\" alt=\"\"\/>\r\n                <span class=\"xl:tw-hidden tw-inline-block tw-rounded-full tw-bg-white tw-shadow-lg tw-p-2 tw-mb-6\">\r\n                    <img decoding=\"async\" class=\"tw-rounded-full\" src=\"\/wp-content\/uploads\/ruinf.png\" alt=\"\"\/>\r\n                <\/span>    \r\n            <\/div>\r\n\r\n            <div class=\"tw-pb-6 tw-px-2 tw-pt-0 tw-self-center xl:tw-col-span-2\">\r\n                <h5 class=\"tw-text-white tw-mb-2\">\r\n                    Rui Ferreira                <\/h5>\r\n                <h1 class=\"tw-text-white tw-mb-6\">\r\n                    RuiNF                <\/h1>\r\n                <div class=\"tw-mx-auto tw-max-w-4xl xl:tw-text-justify [&>p]:tw-mb-4\">\r\n                    <p class=\"tw-text-lg\">\r\n                        Rui \u201cRuiNF\u201d Ferreira, conheceu o Poker ainda antes dos 18 anos e apaixonou-se de imediato pelo jogo, no dia do seu 18\u00ba anivers\u00e1rio depositou 50\u20ac na Pokerstars.com e come\u00e7ou a dedicar-se full time. Mais de uma d\u00e9cada depois, \u00e9 discutivelmente um dos melhores jogadores de torneios a n\u00edvel mundial. No segundo ano como profissional jogou mais de 11.000 jogos, agora conta com aproximadamente 60.000 torneios jogados, quando o assunto \u00e9 trabalhar, o Rui, \u00e9 uma \u201cm\u00e1quina\u201d. Atualmente dedica a maior parte do seu tempo a fun\u00e7\u00f5es relacionadas com a Polarize, desde a gest\u00e3o at\u00e9 ao coaching. Ainda assim, imp\u00f5e um ritmo de trabalho brutal nas mesas durante os meses de SCOOPs e WCOOPs. Ultimamente tem sido mentor na Casa de Alta Perfomance da Polarize, o que faz com que mesmo fora das s\u00e9ries jogue \u2154 dias por semana. E a acrescentar a todo o estudo que faz sozinho, rev\u00ea tamb\u00e9m um torneio di\u00e1rio com os atletas que est\u00e3o a partilhar a casa com ele. Acredita que apenas quem realmente se dedica pode chegar ao topo. Por isso, durante a sua carreira dedicou sempre um elevado n\u00famero de horas, tanto ao estudo, como a jogar. Hoje, investe uma boa parte do seu tempo na an\u00e1lise pessoal de estat\u00edsticas, acredita que \u00e9 a melhor solu\u00e7\u00e3o para corrigir leaks e explorar os advers\u00e1rios. Domina tamb\u00e9m v\u00e1rias ferramentas de trabalho, pois acredita que este \u00e9 o caminho ideal para chegar ao topo. Em 2017, fundou a Polarize com o objetivo de profissionalizar o Poker.                    <\/p>\r\n                <\/div>\r\n            <\/div>\r\n        <\/div>\r\n    <\/div>\r\n<\/header>\r\n\r\n<section class=\"tw-bg-primary tw-text-white\">\r\n    <div class=\"pp-content\">\r\n        <div class=\"container tw-my-auto tw-py-5 tw-text-center\">\r\n            <div class=\"tw-my-0 tw-grid tw-grid-cols-1 md:tw-grid-cols-2 lg:tw-grid-cols-4 tw-text-center tw-overflow-hidden tw-relative\">\r\n                <div class=\"tw-px-5 tw-py-12\">\r\n                    <h2 class=\"tw-mb-2 tw-text-3xl tw-font-bold tw-text-accent\">2010<\/h2>\r\n                    <h3 class=\"tw-mb-4 tw-tracking-wide tw-text-2xl tw-font-bold tw-text-white\">A jogar desde<\/h3>\r\n                    <p class=\"tw-mb-0 tw-max-w-sm tw-text-lg tw-mx-auto\">Uma experi\u00eancia no jogo do Poker que j\u00e1 ultrapassa uma decada.<\/p>\r\n                <\/div>\r\n                <div class=\"tw-px-5 tw-py-12\">\r\n                    <h2 class=\"tw-mb-2 tw-text-3xl tw-font-bold tw-text-accent\">$779,181<\/h2>\r\n                    <h3 class=\"tw-mb-4 tw-tracking-wide tw-text-2xl tw-font-bold tw-text-white\">Maior pr\u00e9mio<\/h3>\r\n                    <p class=\"tw-mb-0 tw-max-w-sm tw-text-lg tw-mx-auto\">\u00c0 data, o maior pr\u00e9mio obtido por um jogador portugu\u00eas em torneios online.<\/p>\r\n                <\/div>\r\n                <div class=\"tw-px-5 tw-py-12\">\r\n                    <h2 class=\"tw-mb-2 tw-text-3xl tw-font-bold tw-text-accent\">+$3M<\/h2>\r\n                    <h3 class=\"tw-mb-4 tw-tracking-wide tw-text-2xl tw-font-bold tw-text-white\">Ganhos totais<\/h3>\r\n                    <p class=\"tw-mb-0 tw-max-w-sm tw-text-lg tw-mx-auto\">Uma das mais incr\u00edveis jornadas do mundo do Poker, com um gr\u00e1fico que o comprova.<\/p>\r\n                <\/div>\r\n                <div class=\"tw-px-5 tw-py-12\">\r\n                    <h2 class=\"tw-mb-2 tw-text-3xl tw-font-bold tw-text-accent\">+100<\/h2>\r\n                    <h3 class=\"tw-mb-4 tw-tracking-wide tw-text-2xl tw-font-bold tw-text-white\">Jogadores coached<\/h3>\r\n                    <p class=\"tw-mb-0 tw-max-w-sm tw-text-lg tw-mx-auto\">Head-coach da Polarize, vem a arrecadar experi\u00eancia de coaching desde 2016.<\/p>\r\n                <\/div>\r\n            <\/div>\r\n        <\/div>\r\n    <\/div>\r\n<\/section>\r\n\r\n\r\n\r\n<div class=\"pp-content tw-bg-white\">\r\n    <div class=\"container tw-py-20 tw-text-center\">\r\n        <h2 class=\"tw-mb-10 tw-text-center tw-text-3xl lg:tw-text-4xl tw-underline tw-underline-offset-4 tw-decoration-accent\">\r\n            Resultados\r\n        <\/h2>\r\n        <img decoding=\"async\"  src=\"\/wp-content\/uploads\/graph_RuiNF2.jpg\">\r\n    <\/div>\r\n<\/div>\r\n\r\n\r\n\n<div class=\"tw-bg-cover tw-bg-center\" style=\"background-image:url(\/wp-content\/uploads\/background-pattern.jpg)\">\n    <div class=\"pp-content\">\n        <div class=\"container tw-py-20 xl:tw-flex xl:tw-items-center xl:tw-justify-between\">\n            <div class=\"tw-text-center xl:tw-text-left\">\n                <h2 class=\"tw-text-white tw-mb-8 tw-text-3xl lg:tw-text-4xl tw-underline tw-decoration-accent tw-underline-offset-4\">\n                    Candidaturas abertas!                <\/h2>\n                <p class=\"tw-mb-0 tw-text-white\/90 tw-text-lg tw-max-w-4xl xl:tw-max-w-3xl 2xl:tw-max-w-4xl tw-mx-auto\">\n                    Se sentes que tens o que \u00e9 preciso para integrar a nossa equipa e jogar entre os melhores nas mesas de <b>Multi-Table Tournaments<\/b>, preenche a tua candidatura! <b>Rui <i>\"RuiNF\"<\/i> Ferreira<\/b> e <b>Diogo <i>\"NORTE\"<\/i> Cardoso<\/b> v\u00eam a dinamizar o projeto Polarize Poker desde o ano de 2017 com um longo registo de sucesso, do qual agora podes fazer parte!                <\/p>\n            <\/div>\n            <div class=\"tw-text-center xl:tw-flex-shrink-0\">\n                <a href=\"\/candidatura\/\">\n                    <button type=\"button\" class=\"tw-mt-8 tw-py-3 tw-px-8 tw-text-lg tw-border tw-border-transparent tw-font-medium tw-rounded-full tw-text-black tw-bg-accent xl:tw-text-2xl xl:tw-py-4 xl:tw-px-10\">\n                        CANDIDATA-TE\n                    <\/button>\n                <\/a>\n            <\/div>    \n        <\/div>\n    <\/div>\n<\/div>\n \r\n\r\n","protected":false},"excerpt":{"rendered":"","protected":false},"author":1,"featured_media":62770,"parent":42649,"menu_order":0,"comment_status":"closed","ping_status":"closed","template":"page-fullwidth-content.php","meta":{"footnotes":""},"class_list":["post-42665","page","type-page","status-publish","has-post-thumbnail","hentry"],"yoast_head":"<!-- This site is optimized with the Yoast SEO plugin v25.6 - https:\/\/yoast.com\/wordpress\/plugins\/seo\/ -->\n<title>Rui &quot;RuiNF&quot; Ferreira - Coach - Polarize Poker<\/title>\n<meta name=\"description\" content=\"Rui \u201cRuiNF\u201d Ferreira, conheceu o Poker ainda antes dos 18 anos e apaixonou-se de imediato pelo jogo, no dia do seu 18\u00ba anivers\u00e1rio depositou 50\u20ac na Pokerstars.com e come\u00e7ou a dedicar-se full time. Mais de uma d\u00e9cada depois, \u00e9 discutivelmente um dos melhores jogadores de torneios a n\u00edvel mundial. No segundo ano como profissional jogou mais de 11.000 jogos, agora conta com aproximadamente 60.000 torneios jogados, quando o assunto \u00e9 trabalhar, o Rui, \u00e9 uma \u201cm\u00e1quina\u201d. Atualmente dedica a maior parte do seu tempo a fun\u00e7\u00f5es relacionadas com a Polarize, desde a gest\u00e3o at\u00e9 ao coaching. Ainda assim, imp\u00f5e um ritmo de trabalho brutal nas mesas durante os meses de SCOOPs e WCOOPs. Ultimamente tem sido mentor na Casa de Alta Perfomance da Polarize, o que faz com que mesmo fora das s\u00e9ries jogue \u2154 dias por semana. E a acrescentar a todo o estudo que faz sozinho, rev\u00ea tamb\u00e9m um torneio di\u00e1rio com os atletas que est\u00e3o a partilhar a casa com ele. Acredita que apenas quem realmente se dedica pode chegar ao topo. Por isso, durante a sua carreira dedicou sempre um elevado n\u00famero de horas, tanto ao estudo, como a jogar. Hoje, investe uma boa parte do seu tempo na an\u00e1lise pessoal de estat\u00edsticas, acredita que \u00e9 a melhor solu\u00e7\u00e3o para corrigir leaks e explorar os advers\u00e1rios. Domina tamb\u00e9m v\u00e1rias ferramentas de trabalho, pois acredita que este \u00e9 o caminho ideal para chegar ao topo. Em 2017, fundou a Polarize com o objetivo de profissionalizar o Poker.\" \/>\n<meta name=\"robots\" content=\"index, follow, max-snippet:-1, max-image-preview:large, max-video-preview:-1\" \/>\n<link rel=\"canonical\" href=\"https:\/\/polarize.poker\/en\/coaches\/rui-ruinf-ferreira\/\" \/>\n<meta property=\"og:locale\" content=\"en_US\" \/>\n<meta property=\"og:type\" content=\"article\" \/>\n<meta property=\"og:title\" content=\"Rui &quot;RuiNF&quot; Ferreira - Coach - Polarize Poker\" \/>\n<meta property=\"og:description\" content=\"Rui \u201cRuiNF\u201d Ferreira, conheceu o Poker ainda antes dos 18 anos e apaixonou-se de imediato pelo jogo, no dia do seu 18\u00ba anivers\u00e1rio depositou 50\u20ac na Pokerstars.com e come\u00e7ou a dedicar-se full time. Mais de uma d\u00e9cada depois, \u00e9 discutivelmente um dos melhores jogadores de torneios a n\u00edvel mundial. No segundo ano como profissional jogou mais de 11.000 jogos, agora conta com aproximadamente 60.000 torneios jogados, quando o assunto \u00e9 trabalhar, o Rui, \u00e9 uma \u201cm\u00e1quina\u201d. Atualmente dedica a maior parte do seu tempo a fun\u00e7\u00f5es relacionadas com a Polarize, desde a gest\u00e3o at\u00e9 ao coaching. Ainda assim, imp\u00f5e um ritmo de trabalho brutal nas mesas durante os meses de SCOOPs e WCOOPs. Ultimamente tem sido mentor na Casa de Alta Perfomance da Polarize, o que faz com que mesmo fora das s\u00e9ries jogue \u2154 dias por semana. E a acrescentar a todo o estudo que faz sozinho, rev\u00ea tamb\u00e9m um torneio di\u00e1rio com os atletas que est\u00e3o a partilhar a casa com ele. Acredita que apenas quem realmente se dedica pode chegar ao topo. Por isso, durante a sua carreira dedicou sempre um elevado n\u00famero de horas, tanto ao estudo, como a jogar. Hoje, investe uma boa parte do seu tempo na an\u00e1lise pessoal de estat\u00edsticas, acredita que \u00e9 a melhor solu\u00e7\u00e3o para corrigir leaks e explorar os advers\u00e1rios. Domina tamb\u00e9m v\u00e1rias ferramentas de trabalho, pois acredita que este \u00e9 o caminho ideal para chegar ao topo. Em 2017, fundou a Polarize com o objetivo de profissionalizar o Poker.\" \/>\n<meta property=\"og:url\" content=\"https:\/\/polarize.poker\/en\/coaches\/rui-ruinf-ferreira\/\" \/>\n<meta property=\"og:site_name\" content=\"Polarize Poker\" \/>\n<meta property=\"article:modified_time\" content=\"2022-02-08T11:44:29+00:00\" \/>\n<meta property=\"og:image\" content=\"https:\/\/polarize.poker\/wp-content\/uploads\/ruinf.png\" \/>\n\t<meta property=\"og:image:width\" content=\"500\" \/>\n\t<meta property=\"og:image:height\" content=\"500\" \/>\n\t<meta property=\"og:image:type\" content=\"image\/png\" \/>\n<meta name=\"twitter:card\" content=\"summary_large_image\" \/>\n<script type=\"application\/ld+json\" class=\"yoast-schema-graph\">{\"@context\":\"https:\/\/schema.org\",\"@graph\":[{\"@type\":\"WebPage\",\"@id\":\"https:\/\/polarize.poker\/coaches\/rui-ruinf-ferreira\/\",\"url\":\"https:\/\/polarize.poker\/coaches\/rui-ruinf-ferreira\/\",\"name\":\"Rui \\\"RuiNF\\\" Ferreira - Coach - Polarize Poker\",\"isPartOf\":{\"@id\":\"https:\/\/polarize.poker\/#website\"},\"primaryImageOfPage\":{\"@id\":\"https:\/\/polarize.poker\/coaches\/rui-ruinf-ferreira\/#primaryimage\"},\"image\":{\"@id\":\"https:\/\/polarize.poker\/coaches\/rui-ruinf-ferreira\/#primaryimage\"},\"thumbnailUrl\":\"https:\/\/polarize.poker\/wp-content\/uploads\/ruinf.png\",\"datePublished\":\"2020-07-07T16:12:44+00:00\",\"dateModified\":\"2022-02-08T11:44:29+00:00\",\"description\":\"Rui \u201cRuiNF\u201d Ferreira, conheceu o Poker ainda antes dos 18 anos e apaixonou-se de imediato pelo jogo, no dia do seu 18\u00ba anivers\u00e1rio depositou 50\u20ac na Pokerstars.com e come\u00e7ou a dedicar-se full time. Mais de uma d\u00e9cada depois, \u00e9 discutivelmente um dos melhores jogadores de torneios a n\u00edvel mundial. No segundo ano como profissional jogou mais de 11.000 jogos, agora conta com aproximadamente 60.000 torneios jogados, quando o assunto \u00e9 trabalhar, o Rui, \u00e9 uma \u201cm\u00e1quina\u201d. Atualmente dedica a maior parte do seu tempo a fun\u00e7\u00f5es relacionadas com a Polarize, desde a gest\u00e3o at\u00e9 ao coaching. Ainda assim, imp\u00f5e um ritmo de trabalho brutal nas mesas durante os meses de SCOOPs e WCOOPs. Ultimamente tem sido mentor na Casa de Alta Perfomance da Polarize, o que faz com que mesmo fora das s\u00e9ries jogue \u2154 dias por semana. E a acrescentar a todo o estudo que faz sozinho, rev\u00ea tamb\u00e9m um torneio di\u00e1rio com os atletas que est\u00e3o a partilhar a casa com ele. Acredita que apenas quem realmente se dedica pode chegar ao topo. Por isso, durante a sua carreira dedicou sempre um elevado n\u00famero de horas, tanto ao estudo, como a jogar. Hoje, investe uma boa parte do seu tempo na an\u00e1lise pessoal de estat\u00edsticas, acredita que \u00e9 a melhor solu\u00e7\u00e3o para corrigir leaks e explorar os advers\u00e1rios. Domina tamb\u00e9m v\u00e1rias ferramentas de trabalho, pois acredita que este \u00e9 o caminho ideal para chegar ao topo. Em 2017, fundou a Polarize com o objetivo de profissionalizar o Poker.\",\"breadcrumb\":{\"@id\":\"https:\/\/polarize.poker\/coaches\/rui-ruinf-ferreira\/#breadcrumb\"},\"inLanguage\":\"en-US\",\"potentialAction\":[{\"@type\":\"ReadAction\",\"target\":[\"https:\/\/polarize.poker\/coaches\/rui-ruinf-ferreira\/\"]}]},{\"@type\":\"ImageObject\",\"inLanguage\":\"en-US\",\"@id\":\"https:\/\/polarize.poker\/coaches\/rui-ruinf-ferreira\/#primaryimage\",\"url\":\"https:\/\/polarize.poker\/wp-content\/uploads\/ruinf.png\",\"contentUrl\":\"https:\/\/polarize.poker\/wp-content\/uploads\/ruinf.png\",\"width\":500,\"height\":500},{\"@type\":\"BreadcrumbList\",\"@id\":\"https:\/\/polarize.poker\/coaches\/rui-ruinf-ferreira\/#breadcrumb\",\"itemListElement\":[{\"@type\":\"ListItem\",\"position\":1,\"name\":\"In\u00edcio\",\"item\":\"https:\/\/polarize.poker\/\"},{\"@type\":\"ListItem\",\"position\":2,\"name\":\"Coaches\",\"item\":\"https:\/\/polarize.poker\/coaches\/\"},{\"@type\":\"ListItem\",\"position\":3,\"name\":\"Rui &#8220;RuiNF&#8221; Ferreira &#8211; Coach\"}]},{\"@type\":\"WebSite\",\"@id\":\"https:\/\/polarize.poker\/#website\",\"url\":\"https:\/\/polarize.poker\/\",\"name\":\"Polarize Poker\",\"description\":\"Coaching &amp; Staking\",\"publisher\":{\"@id\":\"https:\/\/polarize.poker\/#organization\"},\"potentialAction\":[{\"@type\":\"SearchAction\",\"target\":{\"@type\":\"EntryPoint\",\"urlTemplate\":\"https:\/\/polarize.poker\/?s={search_term_string}\"},\"query-input\":{\"@type\":\"PropertyValueSpecification\",\"valueRequired\":true,\"valueName\":\"search_term_string\"}}],\"inLanguage\":\"en-US\"},{\"@type\":\"Organization\",\"@id\":\"https:\/\/polarize.poker\/#organization\",\"name\":\"Polarize Poker\",\"url\":\"https:\/\/polarize.poker\/\",\"logo\":{\"@type\":\"ImageObject\",\"inLanguage\":\"en-US\",\"@id\":\"https:\/\/polarize.poker\/#\/schema\/logo\/image\/\",\"url\":\"https:\/\/polarize.poker\/wp-content\/uploads\/2020\/05\/polarize-logo.png\",\"contentUrl\":\"https:\/\/polarize.poker\/wp-content\/uploads\/2020\/05\/polarize-logo.png\",\"width\":600,\"height\":600,\"caption\":\"Polarize Poker\"},\"image\":{\"@id\":\"https:\/\/polarize.poker\/#\/schema\/logo\/image\/\"}}]}<\/script>\n<!-- \/ Yoast SEO plugin. -->","yoast_head_json":{"title":"Rui \"RuiNF\" Ferreira - Coach - Polarize Poker","description":"Rui \u201cRuiNF\u201d Ferreira got to know poker before he was 18 and immediately fell in love with the game. On his 18th birthday, he deposited \u20ac50 at Pokerstars.com and began to play full time. More than a decade later, he is arguably one of the best tournament players in the world. In his second year as a professional he played more than 11,000 games, and now he has played around 60,000 tournaments, so when it comes to work, Rui is a \u201cmachine\u201d. He currently devotes most of his time to duties related to Polarize, from management to coaching. Even so, he puts in a brutal workload at the tables during the SCOOPs and WCOOPs. Lately he's been a mentor at Polarize's High Performance House, which means that even outside the series he plays \u2154 days a week. In addition to all the studying he does on his own, he also reviews a daily tournament with the athletes who are sharing the house with him. He believes that only those who really dedicate themselves can reach the top. That's why, throughout his career, he has always dedicated a large number of hours to both studying and playing. Today, he invests a good deal of his time in personal statistical analysis, believing it to be the best solution for correcting leaks and exploiting opponents. He has also mastered various working tools, as he believes this is the ideal way to reach the top. In 2017, he founded Polarize with the aim of professionalizing poker.","robots":{"index":"index","follow":"follow","max-snippet":"max-snippet:-1","max-image-preview":"max-image-preview:large","max-video-preview":"max-video-preview:-1"},"canonical":"https:\/\/polarize.poker\/en\/coaches\/rui-ruinf-ferreira\/","og_locale":"en_US","og_type":"article","og_title":"Rui \"RuiNF\" Ferreira - Coach - Polarize Poker","og_description":"Rui \u201cRuiNF\u201d Ferreira, conheceu o Poker ainda antes dos 18 anos e apaixonou-se de imediato pelo jogo, no dia do seu 18\u00ba anivers\u00e1rio depositou 50\u20ac na Pokerstars.com e come\u00e7ou a dedicar-se full time. Mais de uma d\u00e9cada depois, \u00e9 discutivelmente um dos melhores jogadores de torneios a n\u00edvel mundial. No segundo ano como profissional jogou mais de 11.000 jogos, agora conta com aproximadamente 60.000 torneios jogados, quando o assunto \u00e9 trabalhar, o Rui, \u00e9 uma \u201cm\u00e1quina\u201d. Atualmente dedica a maior parte do seu tempo a fun\u00e7\u00f5es relacionadas com a Polarize, desde a gest\u00e3o at\u00e9 ao coaching. Ainda assim, imp\u00f5e um ritmo de trabalho brutal nas mesas durante os meses de SCOOPs e WCOOPs. Ultimamente tem sido mentor na Casa de Alta Perfomance da Polarize, o que faz com que mesmo fora das s\u00e9ries jogue \u2154 dias por semana. E a acrescentar a todo o estudo que faz sozinho, rev\u00ea tamb\u00e9m um torneio di\u00e1rio com os atletas que est\u00e3o a partilhar a casa com ele. Acredita que apenas quem realmente se dedica pode chegar ao topo. Por isso, durante a sua carreira dedicou sempre um elevado n\u00famero de horas, tanto ao estudo, como a jogar. Hoje, investe uma boa parte do seu tempo na an\u00e1lise pessoal de estat\u00edsticas, acredita que \u00e9 a melhor solu\u00e7\u00e3o para corrigir leaks e explorar os advers\u00e1rios. Domina tamb\u00e9m v\u00e1rias ferramentas de trabalho, pois acredita que este \u00e9 o caminho ideal para chegar ao topo. Em 2017, fundou a Polarize com o objetivo de profissionalizar o Poker.","og_url":"https:\/\/polarize.poker\/en\/coaches\/rui-ruinf-ferreira\/","og_site_name":"Polarize Poker","article_modified_time":"2022-02-08T11:44:29+00:00","og_image":[{"width":500,"height":500,"url":"https:\/\/polarize.poker\/wp-content\/uploads\/ruinf.png","type":"image\/png"}],"twitter_card":"summary_large_image","schema":{"@context":"https:\/\/schema.org","@graph":[{"@type":"WebPage","@id":"https:\/\/polarize.poker\/coaches\/rui-ruinf-ferreira\/","url":"https:\/\/polarize.poker\/coaches\/rui-ruinf-ferreira\/","name":"Rui \"RuiNF\" Ferreira - Coach - Polarize Poker","isPartOf":{"@id":"https:\/\/polarize.poker\/#website"},"primaryImageOfPage":{"@id":"https:\/\/polarize.poker\/coaches\/rui-ruinf-ferreira\/#primaryimage"},"image":{"@id":"https:\/\/polarize.poker\/coaches\/rui-ruinf-ferreira\/#primaryimage"},"thumbnailUrl":"https:\/\/polarize.poker\/wp-content\/uploads\/ruinf.png","datePublished":"2020-07-07T16:12:44+00:00","dateModified":"2022-02-08T11:44:29+00:00","description":"Rui \u201cRuiNF\u201d Ferreira got to know poker before he was 18 and immediately fell in love with the game. On his 18th birthday, he deposited \u20ac50 at Pokerstars.com and began to play full time. More than a decade later, he is arguably one of the best tournament players in the world. In his second year as a professional he played more than 11,000 games, and now he has played around 60,000 tournaments, so when it comes to work, Rui is a \u201cmachine\u201d. He currently devotes most of his time to duties related to Polarize, from management to coaching. Even so, he puts in a brutal workload at the tables during the SCOOPs and WCOOPs. Lately he's been a mentor at Polarize's High Performance House, which means that even outside the series he plays \u2154 days a week. In addition to all the studying he does on his own, he also reviews a daily tournament with the athletes who are sharing the house with him. He believes that only those who really dedicate themselves can reach the top. That's why, throughout his career, he has always dedicated a large number of hours to both studying and playing. Today, he invests a good deal of his time in personal statistical analysis, believing it to be the best solution for correcting leaks and exploiting opponents. He has also mastered various working tools, as he believes this is the ideal way to reach the top. In 2017, he founded Polarize with the aim of professionalizing poker.","breadcrumb":{"@id":"https:\/\/polarize.poker\/coaches\/rui-ruinf-ferreira\/#breadcrumb"},"inLanguage":"en-US","potentialAction":[{"@type":"ReadAction","target":["https:\/\/polarize.poker\/coaches\/rui-ruinf-ferreira\/"]}]},{"@type":"ImageObject","inLanguage":"en-US","@id":"https:\/\/polarize.poker\/coaches\/rui-ruinf-ferreira\/#primaryimage","url":"https:\/\/polarize.poker\/wp-content\/uploads\/ruinf.png","contentUrl":"https:\/\/polarize.poker\/wp-content\/uploads\/ruinf.png","width":500,"height":500},{"@type":"BreadcrumbList","@id":"https:\/\/polarize.poker\/coaches\/rui-ruinf-ferreira\/#breadcrumb","itemListElement":[{"@type":"ListItem","position":1,"name":"In\u00edcio","item":"https:\/\/polarize.poker\/"},{"@type":"ListItem","position":2,"name":"Coaches","item":"https:\/\/polarize.poker\/coaches\/"},{"@type":"ListItem","position":3,"name":"Rui &#8220;RuiNF&#8221; Ferreira &#8211; Coach"}]},{"@type":"WebSite","@id":"https:\/\/polarize.poker\/#website","url":"https:\/\/polarize.poker\/","name":"Polarize Poker","description":"Coaching &amp; Staking","publisher":{"@id":"https:\/\/polarize.poker\/#organization"},"potentialAction":[{"@type":"SearchAction","target":{"@type":"EntryPoint","urlTemplate":"https:\/\/polarize.poker\/?s={search_term_string}"},"query-input":{"@type":"PropertyValueSpecification","valueRequired":true,"valueName":"search_term_string"}}],"inLanguage":"en-US"},{"@type":"Organization","@id":"https:\/\/polarize.poker\/#organization","name":"Polarize Poker","url":"https:\/\/polarize.poker\/","logo":{"@type":"ImageObject","inLanguage":"en-US","@id":"https:\/\/polarize.poker\/#\/schema\/logo\/image\/","url":"https:\/\/polarize.poker\/wp-content\/uploads\/2020\/05\/polarize-logo.png","contentUrl":"https:\/\/polarize.poker\/wp-content\/uploads\/2020\/05\/polarize-logo.png","width":600,"height":600,"caption":"Polarize Poker"},"image":{"@id":"https:\/\/polarize.poker\/#\/schema\/logo\/image\/"}}]}},"_links":{"self":[{"href":"https:\/\/polarize.poker\/en\/wp-json\/wp\/v2\/pages\/42665"}],"collection":[{"href":"https:\/\/polarize.poker\/en\/wp-json\/wp\/v2\/pages"}],"about":[{"href":"https:\/\/polarize.poker\/en\/wp-json\/wp\/v2\/types\/page"}],"author":[{"embeddable":true,"href":"https:\/\/polarize.poker\/en\/wp-json\/wp\/v2\/users\/1"}],"replies":[{"embeddable":true,"href":"https:\/\/polarize.poker\/en\/wp-json\/wp\/v2\/comments?post=42665"}],"version-history":[{"count":0,"href":"https:\/\/polarize.poker\/en\/wp-json\/wp\/v2\/pages\/42665\/revisions"}],"up":[{"embeddable":true,"href":"https:\/\/polarize.poker\/en\/wp-json\/wp\/v2\/pages\/42649"}],"wp:featuredmedia":[{"embeddable":true,"href":"https:\/\/polarize.poker\/en\/wp-json\/wp\/v2\/media\/62770"}],"wp:attachment":[{"href":"https:\/\/polarize.poker\/en\/wp-json\/wp\/v2\/media?parent=42665"}],"curies":[{"name":"wp","href":"https:\/\/api.w.org\/{rel}","templated":true}]}}