{"id":66119,"date":"2021-11-03T16:51:55","date_gmt":"2021-11-03T16:51:55","guid":{"rendered":"https:\/\/polarizepoker.com.br\/?page_id=66119"},"modified":"2021-11-03T16:51:56","modified_gmt":"2021-11-03T16:51:56","slug":"conteudo-exclusivo-para-utilizadores-registados","status":"publish","type":"page","link":"https:\/\/polarize.poker\/en\/conteudo-exclusivo-para-utilizadores-registados\/","title":{"rendered":"Conte\u00fado exclusivo para utilizadores registados"},"content":{"rendered":"\r\n<div class=\"container tw-text-center tw-py-20\" id=\"error-404-wrapper\">\r\n    <section>\r\n        <img decoding=\"async\" class=\"tw-mb-8\" src=\"https:\/\/polarize.poker\/wp-content\/themes\/polarize-theme\/assets\/images\/error\/403_padlock.png\" \/>\r\n        <h1 class=\"tw-font-bold tw-mb-4 tw-text-3xl lg:tw-text-4xl\">\r\n            Conte\u00fado exclusivo para<br>utilizadores registados        <\/h1>\r\n        <p class=\"tw-font-bold tw-mb-8 tw-prose tw-mx-auto tw-px-3 lg:tw-px-0 \">\r\n            Regista-te para ter acesso ao conte\u00fado<br>fant\u00e1stico que temos para te oferecer!        <\/p>\r\n        <div>\r\n            <a href=\"https:\/\/polarize.poker\/en\/register\/\">\r\n                <button type=\"button\" class=\"tw-m-2 tw-mb-6 tw-py-6 tw-px-20  tw-text-xl tw-uppercase tw-font-bold tw-rounded-full tw-text-black tw-bg-accent\">\r\n                    Regista-te                <\/button>\r\n            <\/a>\r\n        <\/div>\r\n        <div>\r\n            <a href=\"https:\/\/polarize.poker\/en\">\r\n                <button id=\"go-home\" class=\"tw-m-2 tw-py-3 tw-px-10 tw-text-lg tw-uppercase tw-border tw-border-primary tw-font-bold tw-rounded-full tw-text-black tw-bg-transparent hover:tw-text-white hover:tw-bg-primary\">\r\n                    P\u00e1gina inicial                <\/button>\r\n            <\/a>\r\n        <\/div>\r\n    <\/section><!-- .error-404 -->\r\n<\/div><!-- #error-404-wrapper -->\r\n\r\n\n<div class=\"tw-bg-cover tw-bg-center\" style=\"background-image:url(\/wp-content\/uploads\/background-pattern.jpg)\">\n    <div class=\"pp-content\">\n        <div class=\"container tw-py-20 xl:tw-flex xl:tw-items-center xl:tw-justify-between\">\n            <div class=\"tw-text-center xl:tw-text-left\">\n                <h2 class=\"tw-text-white tw-mb-8 tw-text-3xl lg:tw-text-4xl tw-underline tw-decoration-accent tw-underline-offset-4\">\n                    Candidaturas abertas!                <\/h2>\n                <p class=\"tw-mb-0 tw-text-white\/90 tw-text-lg tw-max-w-4xl xl:tw-max-w-3xl 2xl:tw-max-w-4xl tw-mx-auto\">\n                    Se sentes que tens o que \u00e9 preciso para integrar a equipa <b>Polarize<\/b> e jogar entre os melhores nas mesas de <b>Multi-Table Tournaments<\/b> e <b>Cash Games<\/b>, preenche j\u00e1 a tua candidatura!                <\/p>\n            <\/div>\n            <div class=\"tw-text-center xl:tw-flex-shrink-0\">\n                <a href=\"\/candidatura\/\">\n                    <button type=\"button\" class=\"tw-mt-8 tw-py-3 tw-px-8 tw-text-lg tw-border tw-border-transparent tw-font-medium tw-rounded-full tw-text-black tw-bg-accent xl:tw-text-2xl xl:tw-py-4 xl:tw-px-10\">\n                        CANDIDATA-TE\n                    <\/button>\n                <\/a>\n            <\/div>    \n        <\/div>\n    <\/div>\n<\/div>\n\r\n\r\n<div class=\"pp-content\">\r\n    <div class=\"container tw-my-20\">\r\n        <h2 class=\"tw-mb-0 tw-text-center tw-text-2xl md:tw-text-5xl tw-underline tw-underline-offset-4 tw-decoration-accent\">\r\n            Videos\r\n        <\/h2>\r\n        <div class=\"tw-max-w-3xl tw-mx-auto tw-text-center tw-py-12\">\r\n            <p class=\"tw-mb-0\">\r\n                Providenciamos aos nossos jogadores uma ampla biblioteca de conte\u00fado de v\u00eddeo, remetendo aos mais diversos t\u00f3picos que consideramos darem-te uma vantagem no jogo. Este material inclui teoria de jogo introdut\u00f3ria, otimiza\u00e7\u00e3o da an\u00e1lise de jogo por interm\u00e9dio de software, mental coaching e deepruns comentadas pelos nossos head-coaches.\r\n            <\/p>\r\n        <\/div>\r\n        <div class=\"tw-grid lg:tw-grid-cols-12 tw-gap-6\">\r\n            \r\n<div class=\"tw-col-span-12 lg:tw-col-span-6 \">\r\n    <!-- Card -->\r\n    <a href=\"https:\/\/polarize.poker\/en\/videos\/warm-up-spots-ft-hyper-borges\/\" rel=\"bookmark\" class=\"tw-group card-video\" title=\"Warm Up \u2013 Spots FT Hyper \u2013 Borges\">\r\n        <div class=\"tw-h-full tw-flex tw-flex-col tw-rounded-xl tw-shadow group-hover:tw-shadow-xl tw-bg-white tw-overflow-hidden\">                 \r\n            <div class=\"tw-bg-cover tw-bg-center tw-aspect-video tw-flex tw-justify-center\" style=\"background-image: url('https:\/\/polarize.poker\/wp-content\/uploads\/Team-MTT-Full-HD-7-624x351.png');\">                \r\n                <div class=\"tw-flex tw-h-full tw-w-full tw-bg-accent tw-bg-opacity-0 group-hover:tw-bg-opacity-25 tw-p-4\">\r\n                    <div>\r\n                        <div class=\"tw-font-semibold tw-inline-flex tw-mr-1 tw-mb-1 tw-px-2 tw-py-1 tw-leading-4 tw-text-xs tw-rounded-full tw-text-gray-600 tw-bg-gray-100\">Multi Table Tournaments<\/div>                    <\/div>\r\n                <\/div>\r\n            <\/div>\r\n            <div class=\"tw-p-5 tw-pb-0 lg:tw-p-6 lg:tw-pb-0 tw-grow tw-w-full\">\r\n                <h3 class=\"tw-font-semibold tw-text-1xl tw-mb-2 tw-text-ellipsis tw-line-clamp-2 group-hover:tw-text-accent\">\r\n                    Warm Up \u2013 Spots FT Hyper \u2013 Borges                <\/h3>\r\n                <p class=\"tw-mb-0 tw-text-primary\/80 tw-text-lg tw-text-ellipsis tw-line-clamp-3\">\r\n                    Vimos v\u00e1rios spots de FT em hypers da GG tanto ICM como com FGS                <\/p>\r\n            <\/div>\r\n            <div class=\"tw-mt-auto\">\r\n                \r\n<!-- Card Footer -->\r\n<div class=\"tw-py-4 tw-px-5 lg:tw-px-6 tw-flex \">\r\n        <div>\r\n                <div class=\"tw-flex\">\r\n            <p class=\"tw-text-gray-500 tw-text-sm tw-mb-0 grey-date\">\r\n                03\/04\/2026            <\/p>\r\n            <span class=\"tw-text-gray-500 tw-text-sm tw-flex\">\r\n                <i class=\"tw-px-2\">\u2219<\/i>\r\n                0                <i class=\"bb-icon-comment-square tw-ml-0.5 tw-text-base tw-inline-flex tw-self-center\"><\/i>\r\n            <\/span>\r\n        <\/div>\r\n    <\/div>\r\n<\/div>\r\n<!-- END Card Footer -->            <\/div>\r\n        <\/div>\r\n    <\/a>\r\n<\/div>\r\n<div class=\"tw-col-span-12 lg:tw-col-span-6 \">\r\n    <!-- Card -->\r\n    <a href=\"https:\/\/polarize.poker\/en\/videos\/warm-up-sb-vs-bb-25bb-a-high-board-mojojojo\/\" rel=\"bookmark\" class=\"tw-group card-video\" title=\"Warm Up \u2013 SB vs BB 25bb A high board \u2013 Mojojojo\">\r\n        <div class=\"tw-h-full tw-flex tw-flex-col tw-rounded-xl tw-shadow group-hover:tw-shadow-xl tw-bg-white tw-overflow-hidden\">                 \r\n            <div class=\"tw-bg-cover tw-bg-center tw-aspect-video tw-flex tw-justify-center\" style=\"background-image: url('https:\/\/polarize.poker\/wp-content\/uploads\/Team-MTT-Full-HD-624x351.png');\">                \r\n                <div class=\"tw-flex tw-h-full tw-w-full tw-bg-accent tw-bg-opacity-0 group-hover:tw-bg-opacity-25 tw-p-4\">\r\n                    <div>\r\n                        <div class=\"tw-font-semibold tw-inline-flex tw-mr-1 tw-mb-1 tw-px-2 tw-py-1 tw-leading-4 tw-text-xs tw-rounded-full tw-text-gray-600 tw-bg-gray-100\">Multi Table Tournaments<\/div>                    <\/div>\r\n                <\/div>\r\n            <\/div>\r\n            <div class=\"tw-p-5 tw-pb-0 lg:tw-p-6 lg:tw-pb-0 tw-grow tw-w-full\">\r\n                <h3 class=\"tw-font-semibold tw-text-1xl tw-mb-2 tw-text-ellipsis tw-line-clamp-2 group-hover:tw-text-accent\">\r\n                    Warm Up \u2013 SB vs BB 25bb A high board \u2013 Mojojojo                <\/h3>\r\n                <p class=\"tw-mb-0 tw-text-primary\/80 tw-text-lg tw-text-ellipsis tw-line-clamp-3\">\r\n                    Vista geral de um spot BVB 25bb board A high com recurso a aggregated reports                <\/p>\r\n            <\/div>\r\n            <div class=\"tw-mt-auto\">\r\n                \r\n<!-- Card Footer -->\r\n<div class=\"tw-py-4 tw-px-5 lg:tw-px-6 tw-flex \">\r\n        <div>\r\n                <div class=\"tw-flex\">\r\n            <p class=\"tw-text-gray-500 tw-text-sm tw-mb-0 grey-date\">\r\n                01\/04\/2026            <\/p>\r\n            <span class=\"tw-text-gray-500 tw-text-sm tw-flex\">\r\n                <i class=\"tw-px-2\">\u2219<\/i>\r\n                0                <i class=\"bb-icon-comment-square tw-ml-0.5 tw-text-base tw-inline-flex tw-self-center\"><\/i>\r\n            <\/span>\r\n        <\/div>\r\n    <\/div>\r\n<\/div>\r\n<!-- END Card Footer -->            <\/div>\r\n        <\/div>\r\n    <\/a>\r\n<\/div>\r\n<div class=\"tw-col-span-12 lg:tw-col-span-6 \">\r\n    <!-- Card -->\r\n    <a href=\"https:\/\/polarize.poker\/en\/videos\/warm-up-torneio-quiz-pre-flop-bernardino23\/\" rel=\"bookmark\" class=\"tw-group card-video\" title=\"Warm Up \u2013 Torneio quiz pr\u00e9-flop \u2013 Bernardino23\">\r\n        <div class=\"tw-h-full tw-flex tw-flex-col tw-rounded-xl tw-shadow group-hover:tw-shadow-xl tw-bg-white tw-overflow-hidden\">                 \r\n            <div class=\"tw-bg-cover tw-bg-center tw-aspect-video tw-flex tw-justify-center\" style=\"background-image: url('https:\/\/polarize.poker\/wp-content\/uploads\/Team-MTT-Full-HD-7-624x351.png');\">                \r\n                <div class=\"tw-flex tw-h-full tw-w-full tw-bg-accent tw-bg-opacity-0 group-hover:tw-bg-opacity-25 tw-p-4\">\r\n                    <div>\r\n                        <div class=\"tw-font-semibold tw-inline-flex tw-mr-1 tw-mb-1 tw-px-2 tw-py-1 tw-leading-4 tw-text-xs tw-rounded-full tw-text-gray-600 tw-bg-gray-100\">Multi Table Tournaments<\/div>                    <\/div>\r\n                <\/div>\r\n            <\/div>\r\n            <div class=\"tw-p-5 tw-pb-0 lg:tw-p-6 lg:tw-pb-0 tw-grow tw-w-full\">\r\n                <h3 class=\"tw-font-semibold tw-text-1xl tw-mb-2 tw-text-ellipsis tw-line-clamp-2 group-hover:tw-text-accent\">\r\n                    Warm Up \u2013 Torneio quiz pr\u00e9-flop \u2013 Bernardino23                <\/h3>\r\n                <p class=\"tw-mb-0 tw-text-primary\/80 tw-text-lg tw-text-ellipsis tw-line-clamp-3\">\r\n                    Preparei um jogo interactivo com quiz de perguntas sobre spots preflop em diferentes fases do torneio, em cada um dei tempo e op\u00e7oes de resposta via quiz aos jogadores e fizemos tracking da pontua\u00e7\u00e3o de cada um, discutindo depois de cada spot as simula\u00e7oes resolvidas                <\/p>\r\n            <\/div>\r\n            <div class=\"tw-mt-auto\">\r\n                \r\n<!-- Card Footer -->\r\n<div class=\"tw-py-4 tw-px-5 lg:tw-px-6 tw-flex \">\r\n        <div>\r\n                <div class=\"tw-flex\">\r\n            <p class=\"tw-text-gray-500 tw-text-sm tw-mb-0 grey-date\">\r\n                31\/03\/2026            <\/p>\r\n            <span class=\"tw-text-gray-500 tw-text-sm tw-flex\">\r\n                <i class=\"tw-px-2\">\u2219<\/i>\r\n                0                <i class=\"bb-icon-comment-square tw-ml-0.5 tw-text-base tw-inline-flex tw-self-center\"><\/i>\r\n            <\/span>\r\n        <\/div>\r\n    <\/div>\r\n<\/div>\r\n<!-- END Card Footer -->            <\/div>\r\n        <\/div>\r\n    <\/a>\r\n<\/div>\r\n<div class=\"tw-col-span-12 lg:tw-col-span-6 \">\r\n    <!-- Card -->\r\n    <a href=\"https:\/\/polarize.poker\/en\/videos\/analise-db-vs-probe-turn-e-bet-river-apos-skipped-cbet-flop-ip-lipe\/\" rel=\"bookmark\" class=\"tw-group card-video\" title=\"An\u00e1lise DB \u2013 VS Probe (Turn e Bet River) ap\u00f3s Skipped Cbet Flop IP \u2013 Lipe\">\r\n        <div class=\"tw-h-full tw-flex tw-flex-col tw-rounded-xl tw-shadow group-hover:tw-shadow-xl tw-bg-white tw-overflow-hidden\">                 \r\n            <div class=\"tw-bg-cover tw-bg-center tw-aspect-video tw-flex tw-justify-center\" style=\"background-image: url('https:\/\/polarize.poker\/wp-content\/uploads\/Team-MTT-Full-HD-7-624x351.png');\">                \r\n                <div class=\"tw-flex tw-h-full tw-w-full tw-bg-accent tw-bg-opacity-0 group-hover:tw-bg-opacity-25 tw-p-4\">\r\n                    <div>\r\n                        <div class=\"tw-font-semibold tw-inline-flex tw-mr-1 tw-mb-1 tw-px-2 tw-py-1 tw-leading-4 tw-text-xs tw-rounded-full tw-text-gray-600 tw-bg-gray-100\">Multi Table Tournaments<\/div>                    <\/div>\r\n                <\/div>\r\n            <\/div>\r\n            <div class=\"tw-p-5 tw-pb-0 lg:tw-p-6 lg:tw-pb-0 tw-grow tw-w-full\">\r\n                <h3 class=\"tw-font-semibold tw-text-1xl tw-mb-2 tw-text-ellipsis tw-line-clamp-2 group-hover:tw-text-accent\">\r\n                    An\u00e1lise DB \u2013 VS Probe (Turn e Bet River) ap\u00f3s Skipped Cbet Flop IP \u2013 Lipe                <\/h3>\r\n                <p class=\"tw-mb-0 tw-text-primary\/80 tw-text-lg tw-text-ellipsis tw-line-clamp-3\">\r\n                    Neste v\u00eddeo o Lipe vai analisar as tend\u00eancias do field em Probe Turn e Bet River ap\u00f3s o Hero fazer Skip Cbet IP.                <\/p>\r\n            <\/div>\r\n            <div class=\"tw-mt-auto\">\r\n                \r\n<!-- Card Footer -->\r\n<div class=\"tw-py-4 tw-px-5 lg:tw-px-6 tw-flex \">\r\n        <div>\r\n                <div class=\"tw-flex\">\r\n            <p class=\"tw-text-gray-500 tw-text-sm tw-mb-0 grey-date\">\r\n                31\/03\/2026            <\/p>\r\n            <span class=\"tw-text-gray-500 tw-text-sm tw-flex\">\r\n                <i class=\"tw-px-2\">\u2219<\/i>\r\n                0                <i class=\"bb-icon-comment-square tw-ml-0.5 tw-text-base tw-inline-flex tw-self-center\"><\/i>\r\n            <\/span>\r\n        <\/div>\r\n    <\/div>\r\n<\/div>\r\n<!-- END Card Footer -->            <\/div>\r\n        <\/div>\r\n    <\/a>\r\n<\/div>        <\/div>\r\n\r\n        <a href=\"\/videos\/\" class=\"tw-mt-8 tw-flex tw-justify-center tw-items-center\">\r\n            Ver mais <i class=\"bb-icon-angle-right tw-text-3xl tw-text-accent\"><\/i>\r\n        <\/a>\r\n    <\/div>\r\n<\/div>\r\n\r\n\r\n<div id=\"preloader\" class=\"tw-hidden\">\r\n    <img loading=\"lazy\" decoding=\"async\" src=\"https:\/\/d2141i1ka62b09.cloudfront.net\/wp-content\/uploads\/Team-MTT-Full-HD.png\" width=\"1\" height=\"1\" \/>\r\n    <img loading=\"lazy\" decoding=\"async\" src=\"https:\/\/d2141i1ka62b09.cloudfront.net\/wp-content\/uploads\/Team-Cash-Full-HD.png\" width=\"1\" height=\"1\" \/>\r\n<\/div>\r\n\r\n<div class=\"tw-hidden md:tw-block tw-text-white\">\r\n    <div id=\"team-container\" class=\"tw-bg-cover tw-bg-center tw-relative\" style=\"background-image:url(https:\/\/d2141i1ka62b09.cloudfront.net\/wp-content\/uploads\/Team-MTT-Full-HD.png)\">\r\n\r\n        <div class=\"tw-flex tw-bg-gradient-to-t tw-from-primary\/50 tw-via-transparent tw-to-primary\/50\">\r\n            <a href=\"\/equipas\/team-mtt\/\" class=\"tw-w-1\/2 tw-h-[80vh] tw-group hover:tw-bg-accent\/50\">\r\n                <div class=\"leftside tw-w-full tw-flex tw-items-end tw-justify-center\">\r\n                    <span class=\" tw-bottom-16 tw-text-white tw-font-bold tw-text-6xl tw-pb-24 group-hover:tw-underline tw-decoration-accent tw-underline-offset-4\">\r\n                        Team MTT                    <\/span>\r\n                    <div class=\"hover-screen tw-h-[80vh]\"><\/div>\r\n                <\/div>\r\n            <\/a>\r\n\r\n            <a href=\"\/equipas\/team-cash\/\" class=\"tw-w-1\/2 tw-h-[80vh] tw-group hover:tw-bg-accent\/50\">\r\n                <div class=\"rightside tw-w-full tw-flex tw-items-end tw-justify-center\">\r\n                    <span class=\"tw-text-center tw-text-white tw-font-bold tw-text-6xl tw-pb-24 group-hover:tw-underline tw-decoration-accent tw-underline-offset-4\">\r\n                        Team Cash                    <\/span>\r\n                    <div class=\"hover-screen tw-h-[80vh]\"><\/div>\r\n                <\/div>\r\n            <\/a>\r\n        <\/div>\r\n        \r\n        <div id=\"text-introduction\" class=\"tw-absolute tw-w-full tw-m-auto tw-top-16\">\r\n            <div class=\"tw-text-center\">\r\n                <h2 class=\"tw-text-gray-100 md:tw-text-5xl tw-underline tw-decoration-accent tw-underline-offset-4 tw-mb-8\">Equipas<\/h2>\r\n                <p class=\"tw-text-1xl tw-max-w-3xl tw-mx-auto tw-text-white\">Contamos com equipas dedicadas a Multi Table Tournaments e Cash Games.<br>Seleciona a modalidade em que tens mais interesse e descobre mais sobre a equipa Polarize.<\/p>\r\n            <\/div>\r\n        <\/div>\r\n\r\n        <div id=\"text-introduction\" class=\"tw-absolute tw-w-full tw-text-center tw-bottom-16\">\r\n            <img decoding=\"async\" src=\"https:\/\/polarize.poker\/wp-content\/themes\/polarize-theme\/assets\/icons\/mouse-hover.svg\"\/>\r\n        <\/div>\r\n    <\/div>\r\n<\/div>\r\n\r\n\r\n<div class=\"md:tw-hidden tw-bg-primary tw-text-white tw-text-center tw-py-10\">\r\n        <h2 class=\"tw-text-2xl tw-text-white tw-underline tw-underline-offset-4 tw-decoration-accent\">\r\n            Equipas        <\/h2>\r\n        <p class=\"tw-my-4 tw-max-w-md tw-mx-auto tw-px-4\">\r\n            Contamos com equipas dedicadas a Multi Table Tournaments e Cash Games.        <\/p>\r\n        <div class=\"tw-pt-6\">\r\n            <a href=\"\/equipas\/team-mtt\/\" class=\"tw-items-center tw-justify-center tw-px-8 tw-py-3 tw-border tw-border-transparent tw-text-base tw-font-medium tw-rounded-full tw-text-black tw-bg-accent\" type=\"submit\">Team MTT<\/a>\r\n        <\/div>\r\n        <div class=\"tw-py-10\">\r\n            <a href=\"\/equipas\/team-cash\/\" class=\"tw-items-center tw-justify-center tw-px-8 tw-py-3 tw-border tw-border-transparent tw-text-base tw-font-medium tw-rounded-full tw-text-black tw-bg-accent\" type=\"submit\">Team Cash<\/a>\r\n        <\/div>\r\n        <p class=\"tw-max-w-md tw-mx-auto tw-px-4\">\r\n            Seleciona a modalidade em que tens mais interesse e descobre mais sobre a equipa Polarize.        <\/p>\r\n<\/div>\r\n\r\n\r\n<script>\r\n    var $ = jQuery;\r\n    $(function() {\r\n        $('.leftside').hover(function() {\r\n            $('#team-container').css('background-image', 'url(https:\/\/d2141i1ka62b09.cloudfront.net\/wp-content\/uploads\/Team-MTT-Full-HD.png)');\r\n            $('span.team-heading').eq(0).toggleClass('decor-line decor-center decor-large text-white');\r\n        })\r\n\r\n        $('.rightside').hover(function() {\r\n            $('#team-container').css('background-image', 'url(https:\/\/d2141i1ka62b09.cloudfront.net\/wp-content\/uploads\/Team-Cash-Full-HD.png)');\r\n            $('span.team-heading').eq(1).toggleClass('decor-line decor-center decor-large text-white');\r\n        });\r\n    });\r\n<\/script>","protected":false},"excerpt":{"rendered":"","protected":false},"author":1,"featured_media":0,"parent":0,"menu_order":0,"comment_status":"closed","ping_status":"closed","template":"page-fullwidth-content.php","meta":{"footnotes":""},"class_list":["post-66119","page","type-page","status-publish","hentry"],"yoast_head":"<!-- This site is optimized with the Yoast SEO plugin v25.6 - https:\/\/yoast.com\/wordpress\/plugins\/seo\/ -->\n<title>Conte\u00fado exclusivo para utilizadores registados - Polarize Poker<\/title>\n<meta name=\"robots\" content=\"index, follow, max-snippet:-1, max-image-preview:large, max-video-preview:-1\" \/>\n<link rel=\"canonical\" href=\"https:\/\/polarize.poker\/en\/conteudo-exclusivo-para-utilizadores-registados\/\" \/>\n<meta property=\"og:locale\" content=\"en_US\" \/>\n<meta property=\"og:type\" content=\"article\" \/>\n<meta property=\"og:title\" content=\"Conte\u00fado exclusivo para utilizadores registados - Polarize Poker\" \/>\n<meta property=\"og:url\" content=\"https:\/\/polarize.poker\/en\/conteudo-exclusivo-para-utilizadores-registados\/\" \/>\n<meta property=\"og:site_name\" content=\"Polarize Poker\" \/>\n<meta property=\"article:modified_time\" content=\"2021-11-03T16:51:56+00:00\" \/>\n<meta name=\"twitter:card\" content=\"summary_large_image\" \/>\n<script type=\"application\/ld+json\" class=\"yoast-schema-graph\">{\"@context\":\"https:\/\/schema.org\",\"@graph\":[{\"@type\":\"WebPage\",\"@id\":\"https:\/\/polarize.poker\/conteudo-exclusivo-para-utilizadores-registados\/\",\"url\":\"https:\/\/polarize.poker\/conteudo-exclusivo-para-utilizadores-registados\/\",\"name\":\"Conte\u00fado exclusivo para utilizadores registados - Polarize Poker\",\"isPartOf\":{\"@id\":\"https:\/\/polarize.poker\/#website\"},\"datePublished\":\"2021-11-03T16:51:55+00:00\",\"dateModified\":\"2021-11-03T16:51:56+00:00\",\"breadcrumb\":{\"@id\":\"https:\/\/polarize.poker\/conteudo-exclusivo-para-utilizadores-registados\/#breadcrumb\"},\"inLanguage\":\"en-US\",\"potentialAction\":[{\"@type\":\"ReadAction\",\"target\":[\"https:\/\/polarize.poker\/conteudo-exclusivo-para-utilizadores-registados\/\"]}]},{\"@type\":\"BreadcrumbList\",\"@id\":\"https:\/\/polarize.poker\/conteudo-exclusivo-para-utilizadores-registados\/#breadcrumb\",\"itemListElement\":[{\"@type\":\"ListItem\",\"position\":1,\"name\":\"In\u00edcio\",\"item\":\"https:\/\/polarize.poker\/\"},{\"@type\":\"ListItem\",\"position\":2,\"name\":\"Conte\u00fado exclusivo para utilizadores registados\"}]},{\"@type\":\"WebSite\",\"@id\":\"https:\/\/polarize.poker\/#website\",\"url\":\"https:\/\/polarize.poker\/\",\"name\":\"Polarize Poker\",\"description\":\"Coaching &amp; Staking\",\"publisher\":{\"@id\":\"https:\/\/polarize.poker\/#organization\"},\"potentialAction\":[{\"@type\":\"SearchAction\",\"target\":{\"@type\":\"EntryPoint\",\"urlTemplate\":\"https:\/\/polarize.poker\/?s={search_term_string}\"},\"query-input\":{\"@type\":\"PropertyValueSpecification\",\"valueRequired\":true,\"valueName\":\"search_term_string\"}}],\"inLanguage\":\"en-US\"},{\"@type\":\"Organization\",\"@id\":\"https:\/\/polarize.poker\/#organization\",\"name\":\"Polarize Poker\",\"url\":\"https:\/\/polarize.poker\/\",\"logo\":{\"@type\":\"ImageObject\",\"inLanguage\":\"en-US\",\"@id\":\"https:\/\/polarize.poker\/#\/schema\/logo\/image\/\",\"url\":\"https:\/\/polarize.poker\/wp-content\/uploads\/2020\/05\/polarize-logo.png\",\"contentUrl\":\"https:\/\/polarize.poker\/wp-content\/uploads\/2020\/05\/polarize-logo.png\",\"width\":600,\"height\":600,\"caption\":\"Polarize Poker\"},\"image\":{\"@id\":\"https:\/\/polarize.poker\/#\/schema\/logo\/image\/\"}}]}<\/script>\n<!-- \/ Yoast SEO plugin. -->","yoast_head_json":{"title":"Conte\u00fado exclusivo para utilizadores registados - Polarize Poker","robots":{"index":"index","follow":"follow","max-snippet":"max-snippet:-1","max-image-preview":"max-image-preview:large","max-video-preview":"max-video-preview:-1"},"canonical":"https:\/\/polarize.poker\/en\/conteudo-exclusivo-para-utilizadores-registados\/","og_locale":"en_US","og_type":"article","og_title":"Conte\u00fado exclusivo para utilizadores registados - Polarize Poker","og_url":"https:\/\/polarize.poker\/en\/conteudo-exclusivo-para-utilizadores-registados\/","og_site_name":"Polarize Poker","article_modified_time":"2021-11-03T16:51:56+00:00","twitter_card":"summary_large_image","schema":{"@context":"https:\/\/schema.org","@graph":[{"@type":"WebPage","@id":"https:\/\/polarize.poker\/conteudo-exclusivo-para-utilizadores-registados\/","url":"https:\/\/polarize.poker\/conteudo-exclusivo-para-utilizadores-registados\/","name":"Conte\u00fado exclusivo para utilizadores registados - Polarize Poker","isPartOf":{"@id":"https:\/\/polarize.poker\/#website"},"datePublished":"2021-11-03T16:51:55+00:00","dateModified":"2021-11-03T16:51:56+00:00","breadcrumb":{"@id":"https:\/\/polarize.poker\/conteudo-exclusivo-para-utilizadores-registados\/#breadcrumb"},"inLanguage":"en-US","potentialAction":[{"@type":"ReadAction","target":["https:\/\/polarize.poker\/conteudo-exclusivo-para-utilizadores-registados\/"]}]},{"@type":"BreadcrumbList","@id":"https:\/\/polarize.poker\/conteudo-exclusivo-para-utilizadores-registados\/#breadcrumb","itemListElement":[{"@type":"ListItem","position":1,"name":"In\u00edcio","item":"https:\/\/polarize.poker\/"},{"@type":"ListItem","position":2,"name":"Conte\u00fado exclusivo para utilizadores registados"}]},{"@type":"WebSite","@id":"https:\/\/polarize.poker\/#website","url":"https:\/\/polarize.poker\/","name":"Polarize Poker","description":"Coaching &amp; Staking","publisher":{"@id":"https:\/\/polarize.poker\/#organization"},"potentialAction":[{"@type":"SearchAction","target":{"@type":"EntryPoint","urlTemplate":"https:\/\/polarize.poker\/?s={search_term_string}"},"query-input":{"@type":"PropertyValueSpecification","valueRequired":true,"valueName":"search_term_string"}}],"inLanguage":"en-US"},{"@type":"Organization","@id":"https:\/\/polarize.poker\/#organization","name":"Polarize Poker","url":"https:\/\/polarize.poker\/","logo":{"@type":"ImageObject","inLanguage":"en-US","@id":"https:\/\/polarize.poker\/#\/schema\/logo\/image\/","url":"https:\/\/polarize.poker\/wp-content\/uploads\/2020\/05\/polarize-logo.png","contentUrl":"https:\/\/polarize.poker\/wp-content\/uploads\/2020\/05\/polarize-logo.png","width":600,"height":600,"caption":"Polarize Poker"},"image":{"@id":"https:\/\/polarize.poker\/#\/schema\/logo\/image\/"}}]}},"_links":{"self":[{"href":"https:\/\/polarize.poker\/en\/wp-json\/wp\/v2\/pages\/66119"}],"collection":[{"href":"https:\/\/polarize.poker\/en\/wp-json\/wp\/v2\/pages"}],"about":[{"href":"https:\/\/polarize.poker\/en\/wp-json\/wp\/v2\/types\/page"}],"author":[{"embeddable":true,"href":"https:\/\/polarize.poker\/en\/wp-json\/wp\/v2\/users\/1"}],"replies":[{"embeddable":true,"href":"https:\/\/polarize.poker\/en\/wp-json\/wp\/v2\/comments?post=66119"}],"version-history":[{"count":0,"href":"https:\/\/polarize.poker\/en\/wp-json\/wp\/v2\/pages\/66119\/revisions"}],"wp:attachment":[{"href":"https:\/\/polarize.poker\/en\/wp-json\/wp\/v2\/media?parent=66119"}],"curies":[{"name":"wp","href":"https:\/\/api.w.org\/{rel}","templated":true}]}}