{"id":70987,"date":"2022-02-08T11:34:45","date_gmt":"2022-02-08T11:34:45","guid":{"rendered":"https:\/\/polarizepoker.com.br\/?page_id=70987"},"modified":"2022-02-09T16:06:18","modified_gmt":"2022-02-09T16:06:18","slug":"fernando-squeezamos-ferreira","status":"publish","type":"page","link":"https:\/\/polarize.poker\/en\/coaches\/fernando-squeezamos-ferreira\/","title":{"rendered":"Fernando \u201cSqueezamos\u201d Ferreira \u2013 Coach"},"content":{"rendered":"\r\n<header class=\"tw-bg-center tw-bg-cover tw-overflow-hidden\" style=\"background-image: url(\/wp-content\/uploads\/bgCoachHeader.jpg);\">\r\n    <div class=\"pp-content tw-bg-gradient-to-t tw-from-primary xl:tw-from-transparent\">\r\n        <div class=\"container tw-text-white tw-pt-10 tw-text-center tw-grid xl:tw-text-left xl:tw-grid-cols-3\">\r\n            <div class=\"tw-flex tw-align-bottom tw-justify-center\">\r\n                <img decoding=\"async\" class=\"tw-hidden xl:tw-inline-flex tw-object-cover\" src=\"https:\/\/d2141i1ka62b09.cloudfront.net\/wp-content\/uploads\/squeezamos_2.png\" alt=\"\"\/>\r\n                <span class=\"xl:tw-hidden tw-inline-block tw-rounded-full tw-bg-white tw-shadow-lg tw-p-2 tw-mb-6\">\r\n                    <img decoding=\"async\" class=\"tw-rounded-full\" src=\"https:\/\/d2141i1ka62b09.cloudfront.net\/wp-content\/uploads\/squeezamos.png\" alt=\"\"\/>\r\n                <\/span>    \r\n            <\/div>\r\n\r\n            <div class=\"tw-pb-6 tw-px-2 tw-pt-0 tw-self-center xl:tw-col-span-2\">\r\n                <h5 class=\"tw-text-white tw-mb-2\">\r\n                    Fernando Ferreira                <\/h5>\r\n                <h1 class=\"tw-text-white tw-mb-6\">\r\n                    Squeezamos                <\/h1>\r\n                <div class=\"tw-mx-auto tw-max-w-4xl xl:tw-text-justify [&>p]:tw-mb-4\">\r\n                    <p class=\"tw-text-lg\">\r\n                        Licenciado em Turismo pela Universidade de Coimbra, Fernando \u201dSqueezamos\u201d Ferreira teve o seu primeiro contacto com o Poker por volta do ano 2010. Desde de muito cedo acompanhou o sucesso do seu primo RuiNF, mas o seu interesse e paix\u00e3o apenas surgiria anos mais tarde. Em Agosto de 2015 fez uma viagem que mudou a sua vida. Foi para a Rep\u00fablica Checa para ajudar o RuiNF, Mojo_9_Iggy, rmgil e Zagazaur. Para, como ele descreveu na sua p\u00e1gina de facebook, ser a Dona de Casa deles. Algu\u00e9m que facilitaria a vida deles ao m\u00e1ximo para que se pudessem concentrar somente nos torneios das s\u00e9ries. Durante as s\u00e9ries viu algo que o encantou. Em Outubro desse mesmo ano iniciaria a sua carreira tendo come\u00e7ado a jogar os famosos 180\u00b4s e em Janeiro de 2016 deu o salto para os MTT\u00b4s onde permanece at\u00e9 agora. Em Novembro de 2016 come\u00e7ou a dar as primeiras aulas individuais, e em Abril de 2017 foi convidado para criar e gerir a Polarize Micro. Academia, de onde sa\u00edram v\u00e1rios jogadores que hoje jogam Highstakes. Desde de ent\u00e3o \u00e9 o respons\u00e1vel pela Polarize Academy. Quase todos os jogadores da Polarize passaram pelas \u201dm\u00e3os\u201d do Fernando. \u00c9tica, organiza\u00e7\u00e3o, paix\u00e3o e responsabilidade, s\u00e3o algumas das palavras que definem o Fernando, que apesar de todo o trabalho que tem relacionado com a Polarize consegue jogar em m\u00e9dia 4 dias por semana.                    <\/p>\r\n                <\/div>\r\n            <\/div>\r\n        <\/div>\r\n    <\/div>\r\n<\/header>\r\n\r\n<section class=\"tw-bg-primary tw-text-white\">\r\n    <div class=\"pp-content\">\r\n        <div class=\"container tw-my-auto tw-py-5 tw-text-center\">\r\n            <div class=\"tw-my-0 tw-grid tw-grid-cols-1 md:tw-grid-cols-2 lg:tw-grid-cols-4 tw-text-center tw-overflow-hidden tw-relative\">\r\n                <div class=\"tw-px-5 tw-py-12\">\r\n                    <h2 class=\"tw-mb-2 tw-text-3xl tw-font-bold tw-text-accent\">2015<\/h2>\r\n                    <h3 class=\"tw-mb-4 tw-tracking-wide tw-text-2xl tw-font-bold tw-text-white\">A jogar desde<\/h3>\r\n                    <p class=\"tw-mb-0 tw-max-w-sm tw-text-lg tw-mx-auto\">Tornou-se jogador profissional de poker em 2015.<\/p>\r\n                <\/div>\r\n                <div class=\"tw-px-5 tw-py-12\">\r\n                    <h2 class=\"tw-mb-2 tw-text-3xl tw-font-bold tw-text-accent\">+200<\/h2>\r\n                    <h3 class=\"tw-mb-4 tw-tracking-wide tw-text-2xl tw-font-bold tw-text-white\">Jogadores coached<\/h3>\r\n                    <p class=\"tw-mb-0 tw-max-w-sm tw-text-lg tw-mx-auto\">Mais de 200 jogadores receberam coaching nos \u00faltimos 5 anos.<\/p>\r\n                <\/div>\r\n                <div class=\"tw-px-5 tw-py-12\">\r\n                    <h2 class=\"tw-mb-2 tw-text-3xl tw-font-bold tw-text-accent\">+90%<\/h2>\r\n                    <h3 class=\"tw-mb-4 tw-tracking-wide tw-text-2xl tw-font-bold tw-text-white\">Alunos<\/h3>\r\n                    <p class=\"tw-mb-0 tw-max-w-sm tw-text-lg tw-mx-auto\">Mais de 90% dos jogadores de MTT da Polarize foram alunos do Nando.<\/p>\r\n                <\/div>\r\n                <div class=\"tw-px-5 tw-py-12\">\r\n                    <h2 class=\"tw-mb-2 tw-text-3xl tw-font-bold tw-text-accent\">58k<\/h2>\r\n                    <h3 class=\"tw-mb-4 tw-tracking-wide tw-text-2xl tw-font-bold tw-text-white\">Torneios jogados<\/h3>\r\n                    <p class=\"tw-mb-0 tw-max-w-sm tw-text-lg tw-mx-auto\">Participou em mais de 58 mil torneios.<\/p>\r\n                <\/div>\r\n            <\/div>\r\n        <\/div>\r\n    <\/div>\r\n<\/section>\r\n\r\n\r\n<div class=\"tw-bg-gradient-to-b tw-from-primary tw-to-accent xl:tw-bg-gradient-to-r\">\r\n    <div class=\"pp-content\">\r\n        <div class=\"container tw-py-4\">\r\n            <div class=\"tw-grid xl:tw-grid-cols-2 xl:tw-gap-10 tw-pt-10\">\r\n                <div class=\"tw-self-center\">\r\n                    <div class=\"tw-text-center xl:tw-text-left\">\r\n                        <h2 class=\"tw-mb-10 tw-text-3xl lg:tw-text-4xl tw-underline tw-underline-offset-4 tw-text-white tw-decoration-accent\">\r\n                            Entrevista\r\n                        <\/h2>\r\n                        <div class=\"tw-max-w-4xl tw-mx-auto xl:tw-text-justify tw-pt-2\">\r\n                            <p class=\"tw-mb-0 tw-text-white\">\r\n                                O Fernando Ferreira tornou-se jogador profissional de poker em 2015 e em menos de um ano e meio tornou-se Head Coach da Academy. \u00c9 especialista em Cbet IP vs SB ,Cbet IP Vs BB, Cbet IP 3Bet Pots, Raise Cbet OOP, Turn Cbet IP e mais de 90% dos jogadores de MTT da Polarize j\u00e1 tiveram aulas com ele. Assiste \u00e0 entrevista para conheceres melhor o nosso coach e o seu percurso.                            <\/p>\r\n                        <\/div>\r\n                    <\/div>\r\n                <\/div>\r\n                <div class=\"tw-rounded-xl\">\r\n                    <iframe loading=\"lazy\" width=\"560\" height=\"315\" class=\"tw-rounded-xl\" src=\"https:\/\/www.youtube.com\/embed\/T2fD4w2AUPY\" title=\"YouTube video player\" frameborder=\"0\" allow=\"accelerometer; autoplay; clipboard-write; encrypted-media; gyroscope; picture-in-picture\" allowfullscreen><\/iframe>\r\n                <\/div>\r\n            <\/div>\r\n        <\/div>\r\n    <\/div>\r\n<\/div>\r\n\r\n\r\n\r\n\n<div class=\"tw-bg-cover tw-bg-center\" style=\"background-image:url(\/wp-content\/uploads\/background-pattern.jpg)\">\n    <div class=\"pp-content\">\n        <div class=\"container tw-py-20 xl:tw-flex xl:tw-items-center xl:tw-justify-between\">\n            <div class=\"tw-text-center xl:tw-text-left\">\n                <h2 class=\"tw-text-white tw-mb-8 tw-text-3xl lg:tw-text-4xl tw-underline tw-decoration-accent tw-underline-offset-4\">\n                    Candidaturas abertas!                <\/h2>\n                <p class=\"tw-mb-0 tw-text-white\/90 tw-text-lg tw-max-w-4xl xl:tw-max-w-3xl 2xl:tw-max-w-4xl tw-mx-auto\">\n                    Se sentes que tens o que \u00e9 preciso para integrar a nossa equipa e jogar entre os melhores nas mesas de <b>Multi-Table Tournaments<\/b>, preenche a tua candidatura! <b>Rui <i>\"RuiNF\"<\/i> Ferreira<\/b> e <b>Diogo <i>\"NORTE\"<\/i> Cardoso<\/b> v\u00eam a dinamizar o projeto Polarize Poker desde o ano de 2017 com um longo registo de sucesso, do qual agora podes fazer parte!                <\/p>\n            <\/div>\n            <div class=\"tw-text-center xl:tw-flex-shrink-0\">\n                <a href=\"\/candidatura\/\">\n                    <button type=\"button\" class=\"tw-mt-8 tw-py-3 tw-px-8 tw-text-lg tw-border tw-border-transparent tw-font-medium tw-rounded-full tw-text-black tw-bg-accent xl:tw-text-2xl xl:tw-py-4 xl:tw-px-10\">\n                        CANDIDATA-TE\n                    <\/button>\n                <\/a>\n            <\/div>    \n        <\/div>\n    <\/div>\n<\/div>\n \r\n\r\n","protected":false},"excerpt":{"rendered":"","protected":false},"author":1,"featured_media":62774,"parent":42649,"menu_order":0,"comment_status":"closed","ping_status":"closed","template":"page-fullwidth-content.php","meta":{"footnotes":""},"class_list":["post-70987","page","type-page","status-publish","has-post-thumbnail","hentry"],"yoast_head":"<!-- This site is optimized with the Yoast SEO plugin v25.6 - https:\/\/yoast.com\/wordpress\/plugins\/seo\/ -->\n<title>Fernando &quot;Squeezamos&quot; Ferreira - Coach - Polarize Poker<\/title>\n<meta name=\"description\" content=\"Fernando \u201dSqueezamos\u201d Ferreira teve o seu primeiro contacto com o Poker por volta de 2010. Desde de muito cedo acompanhou o sucesso do seu primo RuiNF, mas o seu interesse e paix\u00e3o apenas surgiria anos mais tarde. Em Agosto de 2015 fez uma viagem que mudou a sua vida. Foi para a Rep\u00fablica Checa para ajudar o RuiNF, Mojo_9_Iggy, rmgil e Zagazaur. Para, como ele descreveu na sua p\u00e1gina de facebook, ser a Dona de Casa deles. Algu\u00e9m que facilitaria a vida deles ao m\u00e1ximo para que se pudessem concentrar somente nos torneios das s\u00e9ries. Durante as s\u00e9ries viu algo que o encantou. Em Outubro desse mesmo ano iniciaria a sua carreira tendo come\u00e7ado a jogar os famosos 180\u00b4s e em Janeiro de 2016 deu o salto para os MTT\u00b4s onde permanece at\u00e9 agora. Em Novembro de 2016 come\u00e7ou a dar as primeiras aulas individuais, e em Abril de 2017 foi convidado para criar e gerir a Polarize Micro. Academia, de onde sa\u00edram v\u00e1rios jogadores que hoje jogam Highstakes. Desde de ent\u00e3o \u00e9 o respons\u00e1vel pela Polarize Academy. Quase todos os jogadores da Polarize passaram pelas \u201dm\u00e3os\u201d do Fernando. \u00c9tica, organiza\u00e7\u00e3o, paix\u00e3o e responsabilidade, s\u00e3o algumas das palavras que definem o Fernando, que apesar de todo o trabalho que tem relacionado com a Polarize consegue jogar em m\u00e9dia 4 dias por semana.\" \/>\n<meta name=\"robots\" content=\"index, follow, max-snippet:-1, max-image-preview:large, max-video-preview:-1\" \/>\n<link rel=\"canonical\" href=\"https:\/\/polarize.poker\/en\/coaches\/fernando-squeezamos-ferreira\/\" \/>\n<meta property=\"og:locale\" content=\"en_US\" \/>\n<meta property=\"og:type\" content=\"article\" \/>\n<meta property=\"og:title\" content=\"Fernando &quot;Squeezamos&quot; Ferreira - Coach - Polarize Poker\" \/>\n<meta property=\"og:description\" content=\"Fernando \u201dSqueezamos\u201d Ferreira teve o seu primeiro contacto com o Poker por volta de 2010. Desde de muito cedo acompanhou o sucesso do seu primo RuiNF, mas o seu interesse e paix\u00e3o apenas surgiria anos mais tarde. Em Agosto de 2015 fez uma viagem que mudou a sua vida. Foi para a Rep\u00fablica Checa para ajudar o RuiNF, Mojo_9_Iggy, rmgil e Zagazaur. Para, como ele descreveu na sua p\u00e1gina de facebook, ser a Dona de Casa deles. Algu\u00e9m que facilitaria a vida deles ao m\u00e1ximo para que se pudessem concentrar somente nos torneios das s\u00e9ries. Durante as s\u00e9ries viu algo que o encantou. Em Outubro desse mesmo ano iniciaria a sua carreira tendo come\u00e7ado a jogar os famosos 180\u00b4s e em Janeiro de 2016 deu o salto para os MTT\u00b4s onde permanece at\u00e9 agora. Em Novembro de 2016 come\u00e7ou a dar as primeiras aulas individuais, e em Abril de 2017 foi convidado para criar e gerir a Polarize Micro. Academia, de onde sa\u00edram v\u00e1rios jogadores que hoje jogam Highstakes. Desde de ent\u00e3o \u00e9 o respons\u00e1vel pela Polarize Academy. Quase todos os jogadores da Polarize passaram pelas \u201dm\u00e3os\u201d do Fernando. \u00c9tica, organiza\u00e7\u00e3o, paix\u00e3o e responsabilidade, s\u00e3o algumas das palavras que definem o Fernando, que apesar de todo o trabalho que tem relacionado com a Polarize consegue jogar em m\u00e9dia 4 dias por semana.\" \/>\n<meta property=\"og:url\" content=\"https:\/\/polarize.poker\/en\/coaches\/fernando-squeezamos-ferreira\/\" \/>\n<meta property=\"og:site_name\" content=\"Polarize Poker\" \/>\n<meta property=\"article:modified_time\" content=\"2022-02-09T16:06:18+00:00\" \/>\n<meta property=\"og:image\" content=\"https:\/\/polarize.poker\/wp-content\/uploads\/squeezamos.png\" \/>\n\t<meta property=\"og:image:width\" content=\"500\" \/>\n\t<meta property=\"og:image:height\" content=\"500\" \/>\n\t<meta property=\"og:image:type\" content=\"image\/png\" \/>\n<meta name=\"twitter:card\" content=\"summary_large_image\" \/>\n<script type=\"application\/ld+json\" class=\"yoast-schema-graph\">{\"@context\":\"https:\/\/schema.org\",\"@graph\":[{\"@type\":\"WebPage\",\"@id\":\"https:\/\/polarize.poker\/coaches\/fernando-squeezamos-ferreira\/\",\"url\":\"https:\/\/polarize.poker\/coaches\/fernando-squeezamos-ferreira\/\",\"name\":\"Fernando \\\"Squeezamos\\\" Ferreira - Coach - Polarize Poker\",\"isPartOf\":{\"@id\":\"https:\/\/polarize.poker\/#website\"},\"primaryImageOfPage\":{\"@id\":\"https:\/\/polarize.poker\/coaches\/fernando-squeezamos-ferreira\/#primaryimage\"},\"image\":{\"@id\":\"https:\/\/polarize.poker\/coaches\/fernando-squeezamos-ferreira\/#primaryimage\"},\"thumbnailUrl\":\"https:\/\/polarize.poker\/wp-content\/uploads\/squeezamos.png\",\"datePublished\":\"2022-02-08T11:34:45+00:00\",\"dateModified\":\"2022-02-09T16:06:18+00:00\",\"description\":\"Fernando \u201dSqueezamos\u201d Ferreira teve o seu primeiro contacto com o Poker por volta de 2010. Desde de muito cedo acompanhou o sucesso do seu primo RuiNF, mas o seu interesse e paix\u00e3o apenas surgiria anos mais tarde. Em Agosto de 2015 fez uma viagem que mudou a sua vida. Foi para a Rep\u00fablica Checa para ajudar o RuiNF, Mojo_9_Iggy, rmgil e Zagazaur. Para, como ele descreveu na sua p\u00e1gina de facebook, ser a Dona de Casa deles. Algu\u00e9m que facilitaria a vida deles ao m\u00e1ximo para que se pudessem concentrar somente nos torneios das s\u00e9ries. Durante as s\u00e9ries viu algo que o encantou. Em Outubro desse mesmo ano iniciaria a sua carreira tendo come\u00e7ado a jogar os famosos 180\u00b4s e em Janeiro de 2016 deu o salto para os MTT\u00b4s onde permanece at\u00e9 agora. Em Novembro de 2016 come\u00e7ou a dar as primeiras aulas individuais, e em Abril de 2017 foi convidado para criar e gerir a Polarize Micro. Academia, de onde sa\u00edram v\u00e1rios jogadores que hoje jogam Highstakes. Desde de ent\u00e3o \u00e9 o respons\u00e1vel pela Polarize Academy. Quase todos os jogadores da Polarize passaram pelas \u201dm\u00e3os\u201d do Fernando. \u00c9tica, organiza\u00e7\u00e3o, paix\u00e3o e responsabilidade, s\u00e3o algumas das palavras que definem o Fernando, que apesar de todo o trabalho que tem relacionado com a Polarize consegue jogar em m\u00e9dia 4 dias por semana.\",\"breadcrumb\":{\"@id\":\"https:\/\/polarize.poker\/coaches\/fernando-squeezamos-ferreira\/#breadcrumb\"},\"inLanguage\":\"en-US\",\"potentialAction\":[{\"@type\":\"ReadAction\",\"target\":[\"https:\/\/polarize.poker\/coaches\/fernando-squeezamos-ferreira\/\"]}]},{\"@type\":\"ImageObject\",\"inLanguage\":\"en-US\",\"@id\":\"https:\/\/polarize.poker\/coaches\/fernando-squeezamos-ferreira\/#primaryimage\",\"url\":\"https:\/\/polarize.poker\/wp-content\/uploads\/squeezamos.png\",\"contentUrl\":\"https:\/\/polarize.poker\/wp-content\/uploads\/squeezamos.png\",\"width\":500,\"height\":500},{\"@type\":\"BreadcrumbList\",\"@id\":\"https:\/\/polarize.poker\/coaches\/fernando-squeezamos-ferreira\/#breadcrumb\",\"itemListElement\":[{\"@type\":\"ListItem\",\"position\":1,\"name\":\"In\u00edcio\",\"item\":\"https:\/\/polarize.poker\/\"},{\"@type\":\"ListItem\",\"position\":2,\"name\":\"Coaches\",\"item\":\"https:\/\/polarize.poker\/coaches\/\"},{\"@type\":\"ListItem\",\"position\":3,\"name\":\"Fernando &#8220;Squeezamos&#8221; Ferreira &#8211; Coach\"}]},{\"@type\":\"WebSite\",\"@id\":\"https:\/\/polarize.poker\/#website\",\"url\":\"https:\/\/polarize.poker\/\",\"name\":\"Polarize Poker\",\"description\":\"Coaching &amp; Staking\",\"publisher\":{\"@id\":\"https:\/\/polarize.poker\/#organization\"},\"potentialAction\":[{\"@type\":\"SearchAction\",\"target\":{\"@type\":\"EntryPoint\",\"urlTemplate\":\"https:\/\/polarize.poker\/?s={search_term_string}\"},\"query-input\":{\"@type\":\"PropertyValueSpecification\",\"valueRequired\":true,\"valueName\":\"search_term_string\"}}],\"inLanguage\":\"en-US\"},{\"@type\":\"Organization\",\"@id\":\"https:\/\/polarize.poker\/#organization\",\"name\":\"Polarize Poker\",\"url\":\"https:\/\/polarize.poker\/\",\"logo\":{\"@type\":\"ImageObject\",\"inLanguage\":\"en-US\",\"@id\":\"https:\/\/polarize.poker\/#\/schema\/logo\/image\/\",\"url\":\"https:\/\/polarize.poker\/wp-content\/uploads\/2020\/05\/polarize-logo.png\",\"contentUrl\":\"https:\/\/polarize.poker\/wp-content\/uploads\/2020\/05\/polarize-logo.png\",\"width\":600,\"height\":600,\"caption\":\"Polarize Poker\"},\"image\":{\"@id\":\"https:\/\/polarize.poker\/#\/schema\/logo\/image\/\"}}]}<\/script>\n<!-- \/ Yoast SEO plugin. -->","yoast_head_json":{"title":"Fernando \"Squeezamos\" Ferreira - Coach - Polarize Poker","description":"Fernando \u201dSqueezamos\u201d Ferreira teve o seu primeiro contacto com o Poker por volta de 2010. Desde de muito cedo acompanhou o sucesso do seu primo RuiNF, mas o seu interesse e paix\u00e3o apenas surgiria anos mais tarde. Em Agosto de 2015 fez uma viagem que mudou a sua vida. Foi para a Rep\u00fablica Checa para ajudar o RuiNF, Mojo_9_Iggy, rmgil e Zagazaur. Para, como ele descreveu na sua p\u00e1gina de facebook, ser a Dona de Casa deles. Algu\u00e9m que facilitaria a vida deles ao m\u00e1ximo para que se pudessem concentrar somente nos torneios das s\u00e9ries. Durante as s\u00e9ries viu algo que o encantou. Em Outubro desse mesmo ano iniciaria a sua carreira tendo come\u00e7ado a jogar os famosos 180\u00b4s e em Janeiro de 2016 deu o salto para os MTT\u00b4s onde permanece at\u00e9 agora. Em Novembro de 2016 come\u00e7ou a dar as primeiras aulas individuais, e em Abril de 2017 foi convidado para criar e gerir a Polarize Micro. Academia, de onde sa\u00edram v\u00e1rios jogadores que hoje jogam Highstakes. Desde de ent\u00e3o \u00e9 o respons\u00e1vel pela Polarize Academy. Quase todos os jogadores da Polarize passaram pelas \u201dm\u00e3os\u201d do Fernando. \u00c9tica, organiza\u00e7\u00e3o, paix\u00e3o e responsabilidade, s\u00e3o algumas das palavras que definem o Fernando, que apesar de todo o trabalho que tem relacionado com a Polarize consegue jogar em m\u00e9dia 4 dias por semana.","robots":{"index":"index","follow":"follow","max-snippet":"max-snippet:-1","max-image-preview":"max-image-preview:large","max-video-preview":"max-video-preview:-1"},"canonical":"https:\/\/polarize.poker\/en\/coaches\/fernando-squeezamos-ferreira\/","og_locale":"en_US","og_type":"article","og_title":"Fernando \"Squeezamos\" Ferreira - Coach - Polarize Poker","og_description":"Fernando \u201dSqueezamos\u201d Ferreira teve o seu primeiro contacto com o Poker por volta de 2010. Desde de muito cedo acompanhou o sucesso do seu primo RuiNF, mas o seu interesse e paix\u00e3o apenas surgiria anos mais tarde. Em Agosto de 2015 fez uma viagem que mudou a sua vida. Foi para a Rep\u00fablica Checa para ajudar o RuiNF, Mojo_9_Iggy, rmgil e Zagazaur. Para, como ele descreveu na sua p\u00e1gina de facebook, ser a Dona de Casa deles. Algu\u00e9m que facilitaria a vida deles ao m\u00e1ximo para que se pudessem concentrar somente nos torneios das s\u00e9ries. Durante as s\u00e9ries viu algo que o encantou. Em Outubro desse mesmo ano iniciaria a sua carreira tendo come\u00e7ado a jogar os famosos 180\u00b4s e em Janeiro de 2016 deu o salto para os MTT\u00b4s onde permanece at\u00e9 agora. Em Novembro de 2016 come\u00e7ou a dar as primeiras aulas individuais, e em Abril de 2017 foi convidado para criar e gerir a Polarize Micro. Academia, de onde sa\u00edram v\u00e1rios jogadores que hoje jogam Highstakes. Desde de ent\u00e3o \u00e9 o respons\u00e1vel pela Polarize Academy. Quase todos os jogadores da Polarize passaram pelas \u201dm\u00e3os\u201d do Fernando. \u00c9tica, organiza\u00e7\u00e3o, paix\u00e3o e responsabilidade, s\u00e3o algumas das palavras que definem o Fernando, que apesar de todo o trabalho que tem relacionado com a Polarize consegue jogar em m\u00e9dia 4 dias por semana.","og_url":"https:\/\/polarize.poker\/en\/coaches\/fernando-squeezamos-ferreira\/","og_site_name":"Polarize Poker","article_modified_time":"2022-02-09T16:06:18+00:00","og_image":[{"width":500,"height":500,"url":"https:\/\/polarize.poker\/wp-content\/uploads\/squeezamos.png","type":"image\/png"}],"twitter_card":"summary_large_image","schema":{"@context":"https:\/\/schema.org","@graph":[{"@type":"WebPage","@id":"https:\/\/polarize.poker\/coaches\/fernando-squeezamos-ferreira\/","url":"https:\/\/polarize.poker\/coaches\/fernando-squeezamos-ferreira\/","name":"Fernando \"Squeezamos\" Ferreira - Coach - Polarize Poker","isPartOf":{"@id":"https:\/\/polarize.poker\/#website"},"primaryImageOfPage":{"@id":"https:\/\/polarize.poker\/coaches\/fernando-squeezamos-ferreira\/#primaryimage"},"image":{"@id":"https:\/\/polarize.poker\/coaches\/fernando-squeezamos-ferreira\/#primaryimage"},"thumbnailUrl":"https:\/\/polarize.poker\/wp-content\/uploads\/squeezamos.png","datePublished":"2022-02-08T11:34:45+00:00","dateModified":"2022-02-09T16:06:18+00:00","description":"Fernando \u201dSqueezamos\u201d Ferreira teve o seu primeiro contacto com o Poker por volta de 2010. Desde de muito cedo acompanhou o sucesso do seu primo RuiNF, mas o seu interesse e paix\u00e3o apenas surgiria anos mais tarde. Em Agosto de 2015 fez uma viagem que mudou a sua vida. Foi para a Rep\u00fablica Checa para ajudar o RuiNF, Mojo_9_Iggy, rmgil e Zagazaur. Para, como ele descreveu na sua p\u00e1gina de facebook, ser a Dona de Casa deles. Algu\u00e9m que facilitaria a vida deles ao m\u00e1ximo para que se pudessem concentrar somente nos torneios das s\u00e9ries. Durante as s\u00e9ries viu algo que o encantou. Em Outubro desse mesmo ano iniciaria a sua carreira tendo come\u00e7ado a jogar os famosos 180\u00b4s e em Janeiro de 2016 deu o salto para os MTT\u00b4s onde permanece at\u00e9 agora. Em Novembro de 2016 come\u00e7ou a dar as primeiras aulas individuais, e em Abril de 2017 foi convidado para criar e gerir a Polarize Micro. Academia, de onde sa\u00edram v\u00e1rios jogadores que hoje jogam Highstakes. Desde de ent\u00e3o \u00e9 o respons\u00e1vel pela Polarize Academy. Quase todos os jogadores da Polarize passaram pelas \u201dm\u00e3os\u201d do Fernando. \u00c9tica, organiza\u00e7\u00e3o, paix\u00e3o e responsabilidade, s\u00e3o algumas das palavras que definem o Fernando, que apesar de todo o trabalho que tem relacionado com a Polarize consegue jogar em m\u00e9dia 4 dias por semana.","breadcrumb":{"@id":"https:\/\/polarize.poker\/coaches\/fernando-squeezamos-ferreira\/#breadcrumb"},"inLanguage":"en-US","potentialAction":[{"@type":"ReadAction","target":["https:\/\/polarize.poker\/coaches\/fernando-squeezamos-ferreira\/"]}]},{"@type":"ImageObject","inLanguage":"en-US","@id":"https:\/\/polarize.poker\/coaches\/fernando-squeezamos-ferreira\/#primaryimage","url":"https:\/\/polarize.poker\/wp-content\/uploads\/squeezamos.png","contentUrl":"https:\/\/polarize.poker\/wp-content\/uploads\/squeezamos.png","width":500,"height":500},{"@type":"BreadcrumbList","@id":"https:\/\/polarize.poker\/coaches\/fernando-squeezamos-ferreira\/#breadcrumb","itemListElement":[{"@type":"ListItem","position":1,"name":"In\u00edcio","item":"https:\/\/polarize.poker\/"},{"@type":"ListItem","position":2,"name":"Coaches","item":"https:\/\/polarize.poker\/coaches\/"},{"@type":"ListItem","position":3,"name":"Fernando &#8220;Squeezamos&#8221; Ferreira &#8211; Coach"}]},{"@type":"WebSite","@id":"https:\/\/polarize.poker\/#website","url":"https:\/\/polarize.poker\/","name":"Polarize Poker","description":"Coaching &amp; Staking","publisher":{"@id":"https:\/\/polarize.poker\/#organization"},"potentialAction":[{"@type":"SearchAction","target":{"@type":"EntryPoint","urlTemplate":"https:\/\/polarize.poker\/?s={search_term_string}"},"query-input":{"@type":"PropertyValueSpecification","valueRequired":true,"valueName":"search_term_string"}}],"inLanguage":"en-US"},{"@type":"Organization","@id":"https:\/\/polarize.poker\/#organization","name":"Polarize Poker","url":"https:\/\/polarize.poker\/","logo":{"@type":"ImageObject","inLanguage":"en-US","@id":"https:\/\/polarize.poker\/#\/schema\/logo\/image\/","url":"https:\/\/polarize.poker\/wp-content\/uploads\/2020\/05\/polarize-logo.png","contentUrl":"https:\/\/polarize.poker\/wp-content\/uploads\/2020\/05\/polarize-logo.png","width":600,"height":600,"caption":"Polarize Poker"},"image":{"@id":"https:\/\/polarize.poker\/#\/schema\/logo\/image\/"}}]}},"_links":{"self":[{"href":"https:\/\/polarize.poker\/en\/wp-json\/wp\/v2\/pages\/70987"}],"collection":[{"href":"https:\/\/polarize.poker\/en\/wp-json\/wp\/v2\/pages"}],"about":[{"href":"https:\/\/polarize.poker\/en\/wp-json\/wp\/v2\/types\/page"}],"author":[{"embeddable":true,"href":"https:\/\/polarize.poker\/en\/wp-json\/wp\/v2\/users\/1"}],"replies":[{"embeddable":true,"href":"https:\/\/polarize.poker\/en\/wp-json\/wp\/v2\/comments?post=70987"}],"version-history":[{"count":0,"href":"https:\/\/polarize.poker\/en\/wp-json\/wp\/v2\/pages\/70987\/revisions"}],"up":[{"embeddable":true,"href":"https:\/\/polarize.poker\/en\/wp-json\/wp\/v2\/pages\/42649"}],"wp:featuredmedia":[{"embeddable":true,"href":"https:\/\/polarize.poker\/en\/wp-json\/wp\/v2\/media\/62774"}],"wp:attachment":[{"href":"https:\/\/polarize.poker\/en\/wp-json\/wp\/v2\/media?parent=70987"}],"curies":[{"name":"wp","href":"https:\/\/api.w.org\/{rel}","templated":true}]}}