{"id":71575,"date":"2022-02-21T15:12:42","date_gmt":"2022-02-21T15:12:42","guid":{"rendered":"https:\/\/polarizepoker.com.br\/?page_id=71575"},"modified":"2022-03-23T13:37:27","modified_gmt":"2022-03-23T13:37:27","slug":"jose-nominaliz-diegues","status":"publish","type":"page","link":"https:\/\/polarize.poker\/en\/coaches\/jose-nominaliz-diegues\/","title":{"rendered":"Jos\u00e9  \u201cNominaliz\u201d Diegues \u2013 Coach"},"content":{"rendered":"\r\n<header class=\"tw-bg-center tw-bg-cover tw-overflow-hidden\" style=\"background-image: url(\/wp-content\/uploads\/bgCoachHeader.jpg);\">\r\n    <div class=\"pp-content tw-bg-gradient-to-t tw-from-primary xl:tw-from-transparent\">\r\n        <div class=\"container tw-text-white tw-pt-10 tw-text-center tw-grid xl:tw-text-left xl:tw-grid-cols-3\">\r\n            <div class=\"tw-flex tw-align-bottom tw-justify-center\">\r\n                <img decoding=\"async\" class=\"tw-hidden xl:tw-inline-flex tw-object-cover\" src=\"https:\/\/d2141i1ka62b09.cloudfront.net\/wp-content\/uploads\/nominaliz_2.png\" alt=\"\"\/>\r\n                <span class=\"xl:tw-hidden tw-inline-block tw-rounded-full tw-bg-white tw-shadow-lg tw-p-2 tw-mb-6\">\r\n                    <img decoding=\"async\" class=\"tw-rounded-full\" src=\"https:\/\/d2141i1ka62b09.cloudfront.net\/wp-content\/uploads\/nominaliz.png\" alt=\"\"\/>\r\n                <\/span>    \r\n            <\/div>\r\n\r\n            <div class=\"tw-pb-6 tw-px-2 tw-pt-0 tw-self-center xl:tw-col-span-2\">\r\n                <h5 class=\"tw-text-white tw-mb-2\">\r\n                    Jos\u00e9 Diegues                <\/h5>\r\n                <h1 class=\"tw-text-white tw-mb-6\">\r\n                    Nominaliz                <\/h1>\r\n                <div class=\"tw-mx-auto tw-max-w-4xl xl:tw-text-justify [&>p]:tw-mb-4\">\r\n                    <p class=\"tw-text-lg\">\r\n                        Jos\u00e9 \u201dNominaliz\u201d Diegues come\u00e7ou a jogar poker em 2015, tendo passado por v\u00e1rios formatos tanto online como ao vivo at\u00e9 2019. <\/p><p>A partir de 2019 come\u00e7ou a focar-se em Cash Games online, iniciando o seu percurso na Polarize em 2020 nas mesas de NL10. <\/p><p>Atualmente joga NL200 e atribui esta r\u00e1pida evolu\u00e7\u00e3o \u00e0 consist\u00eancia dentro e fora das mesas.<\/p><p>Para al\u00e9m do volume nas mesas d\u00e1 muita import\u00e2ncia ao estudo do jogo e \u00e0s rotinas que melhoram a performance do atleta, tal como exerc\u00edcio f\u00edsico, alimenta\u00e7\u00e3o e trabalho no mental game. <\/p><p>O Jos\u00e9 tem a ambi\u00e7\u00e3o de continuar a subir de limites consistentemente e continuar a trabalhar com os seus alunos para que eles tamb\u00e9m possam evoluir.                    <\/p>\r\n                <\/div>\r\n            <\/div>\r\n        <\/div>\r\n    <\/div>\r\n<\/header>\r\n\r\n<section class=\"tw-bg-primary tw-text-white\">\r\n    <div class=\"pp-content\">\r\n        <div class=\"container tw-my-auto tw-py-5 tw-text-center\">\r\n            <div class=\"tw-my-0 tw-grid tw-grid-cols-1 md:tw-grid-cols-2 lg:tw-grid-cols-4 tw-text-center tw-overflow-hidden tw-relative\">\r\n                <div class=\"tw-px-5 tw-py-12\">\r\n                    <h2 class=\"tw-mb-2 tw-text-3xl tw-font-bold tw-text-accent\">2015<\/h2>\r\n                    <h3 class=\"tw-mb-4 tw-tracking-wide tw-text-2xl tw-font-bold tw-text-white\">A jogar desde<\/h3>\r\n                    <p class=\"tw-mb-0 tw-max-w-sm tw-text-lg tw-mx-auto\">Entrou na Polarize Poker em 2020.<\/p>\r\n                <\/div>\r\n                <div class=\"tw-px-5 tw-py-12\">\r\n                    <h2 class=\"tw-mb-2 tw-text-3xl tw-font-bold tw-text-accent\">+2M<\/h2>\r\n                    <h3 class=\"tw-mb-4 tw-tracking-wide tw-text-2xl tw-font-bold tw-text-white\">M\u00e3os jogadas<\/h3>\r\n                    <p class=\"tw-mb-0 tw-max-w-sm tw-text-lg tw-mx-auto\">Mais de 2 milh\u00f5es de m\u00e3os jogadas em Cash Games.<\/p>\r\n                <\/div>\r\n                <div class=\"tw-px-5 tw-py-12\">\r\n                    <h2 class=\"tw-mb-2 tw-text-3xl tw-font-bold tw-text-accent\">+100<\/h2>\r\n                    <h3 class=\"tw-mb-4 tw-tracking-wide tw-text-2xl tw-font-bold tw-text-white\">Aulas dadas<\/h3>\r\n                    <p class=\"tw-mb-0 tw-max-w-sm tw-text-lg tw-mx-auto\">Mais de 100 aulas dadas a jogadores da Polarize.<\/p>\r\n                <\/div>\r\n                <div class=\"tw-px-5 tw-py-12\">\r\n                    <h2 class=\"tw-mb-2 tw-text-3xl tw-font-bold tw-text-accent\">15 meses<\/h2>\r\n                    <h3 class=\"tw-mb-4 tw-tracking-wide tw-text-2xl tw-font-bold tw-text-white\">NL10 a NL200<\/h3>\r\n                    <p class=\"tw-mb-0 tw-max-w-sm tw-text-lg tw-mx-auto\">Em 15 meses subiu de NL10 para NL200.<\/p>\r\n                <\/div>\r\n            <\/div>\r\n        <\/div>\r\n    <\/div>\r\n<\/section>\r\n\r\n\r\n<div class=\"tw-bg-gradient-to-b tw-from-primary tw-to-accent xl:tw-bg-gradient-to-r\">\r\n    <div class=\"pp-content\">\r\n        <div class=\"container tw-py-4\">\r\n            <div class=\"tw-grid xl:tw-grid-cols-2 xl:tw-gap-10 tw-pt-10\">\r\n                <div class=\"tw-self-center\">\r\n                    <div class=\"tw-text-center xl:tw-text-left\">\r\n                        <h2 class=\"tw-mb-10 tw-text-3xl lg:tw-text-4xl tw-underline tw-underline-offset-4 tw-text-white tw-decoration-accent\">\r\n                            Entrevista\r\n                        <\/h2>\r\n                        <div class=\"tw-max-w-4xl tw-mx-auto xl:tw-text-justify tw-pt-2\">\r\n                            <p class=\"tw-mb-0 tw-text-white\">\r\n                                O Jos\u00e9 Diegues tornou-se jogador da Polarize em 2020 e rapidamente foi escalando pelos limites de Cash Games. Come\u00e7ou em NL10 e em pouco tempo, atrav\u00e9s de muito trabalho, dedica\u00e7\u00e3o e consist\u00eancia, elevou o seu jogo e aumentou os seus limites. No in\u00edcio da sua carreira experimentou v\u00e1rias modalidades de poker, mas Cash Games tornou-se o seu foco. Hoje \u00e9 coach da Polarize Cash e transmite os seus aprendizados aos seus alunos. Assiste \u00e0 entrevista para conheceres melhor o nosso coach e o seu percurso.                            <\/p>\r\n                        <\/div>\r\n                    <\/div>\r\n                <\/div>\r\n                <div class=\"tw-rounded-xl\">\r\n                    <iframe loading=\"lazy\" width=\"560\" height=\"315\" class=\"tw-rounded-xl\" src=\"https:\/\/www.youtube.com\/embed\/MmPD7tyFniA\" title=\"YouTube video player\" frameborder=\"0\" allow=\"accelerometer; autoplay; clipboard-write; encrypted-media; gyroscope; picture-in-picture\" allowfullscreen><\/iframe>\r\n                <\/div>\r\n            <\/div>\r\n        <\/div>\r\n    <\/div>\r\n<\/div>\r\n\r\n\r\n\r\n\n<div class=\"tw-bg-cover tw-bg-center\" style=\"background-image:url(\/wp-content\/uploads\/background-pattern.jpg)\">\n    <div class=\"pp-content\">\n        <div class=\"container tw-py-20 xl:tw-flex xl:tw-items-center xl:tw-justify-between\">\n            <div class=\"tw-text-center xl:tw-text-left\">\n                <h2 class=\"tw-text-white tw-mb-8 tw-text-3xl lg:tw-text-4xl tw-underline tw-decoration-accent tw-underline-offset-4\">\n                    Candidaturas abertas!                <\/h2>\n                <p class=\"tw-mb-0 tw-text-white\/90 tw-text-lg tw-max-w-4xl xl:tw-max-w-3xl 2xl:tw-max-w-4xl tw-mx-auto\">\n                    Se sentes que tens o que \u00e9 preciso para integrar a nossa equipa e jogar entre os melhores nas mesas de <b>Cash Games<\/b>, preenche a tua candidatura! <b>Rui Milhomens<\/b> e <b>Diogo Borges<\/b> h\u00e1 mais de 2 anos que lideram um projecto de coaching e staking, projecto esse que se orgulha de ter orientado mais de 50 jogadores ganhadores e muitos deles a jogar os limites mais altos online.                <\/p>\n            <\/div>\n            <div class=\"tw-text-center xl:tw-flex-shrink-0\">\n                <a href=\"\/candidatura\/\">\n                    <button type=\"button\" class=\"tw-mt-8 tw-py-3 tw-px-8 tw-text-lg tw-border tw-border-transparent tw-font-medium tw-rounded-full tw-text-black tw-bg-accent xl:tw-text-2xl xl:tw-py-4 xl:tw-px-10\">\n                        CANDIDATA-TE\n                    <\/button>\n                <\/a>\n            <\/div>    \n        <\/div>\n    <\/div>\n<\/div>\n \r\n\r\n","protected":false},"excerpt":{"rendered":"","protected":false},"author":1,"featured_media":0,"parent":42649,"menu_order":0,"comment_status":"closed","ping_status":"closed","template":"page-fullwidth-content.php","meta":{"footnotes":""},"class_list":["post-71575","page","type-page","status-publish","hentry"],"yoast_head":"<!-- This site is optimized with the Yoast SEO plugin v25.6 - https:\/\/yoast.com\/wordpress\/plugins\/seo\/ -->\n<title>Jos\u00e9 &quot;Nominaliz&quot; Diegues - Coach - Polarize Poker<\/title>\n<meta name=\"robots\" content=\"index, follow, max-snippet:-1, max-image-preview:large, max-video-preview:-1\" \/>\n<link rel=\"canonical\" href=\"https:\/\/polarize.poker\/en\/coaches\/jose-nominaliz-diegues\/\" \/>\n<meta property=\"og:locale\" content=\"en_US\" \/>\n<meta property=\"og:type\" content=\"article\" \/>\n<meta property=\"og:title\" content=\"Jos\u00e9 &quot;Nominaliz&quot; Diegues - Coach - Polarize Poker\" \/>\n<meta property=\"og:url\" content=\"https:\/\/polarize.poker\/en\/coaches\/jose-nominaliz-diegues\/\" \/>\n<meta property=\"og:site_name\" content=\"Polarize Poker\" \/>\n<meta property=\"article:modified_time\" content=\"2022-03-23T13:37:27+00:00\" \/>\n<meta name=\"twitter:card\" content=\"summary_large_image\" \/>\n<script type=\"application\/ld+json\" class=\"yoast-schema-graph\">{\"@context\":\"https:\/\/schema.org\",\"@graph\":[{\"@type\":\"WebPage\",\"@id\":\"https:\/\/polarize.poker\/coaches\/jose-nominaliz-diegues\/\",\"url\":\"https:\/\/polarize.poker\/coaches\/jose-nominaliz-diegues\/\",\"name\":\"Jos\u00e9 \\\"Nominaliz\\\" Diegues - Coach - Polarize Poker\",\"isPartOf\":{\"@id\":\"https:\/\/polarize.poker\/#website\"},\"datePublished\":\"2022-02-21T15:12:42+00:00\",\"dateModified\":\"2022-03-23T13:37:27+00:00\",\"breadcrumb\":{\"@id\":\"https:\/\/polarize.poker\/coaches\/jose-nominaliz-diegues\/#breadcrumb\"},\"inLanguage\":\"en-US\",\"potentialAction\":[{\"@type\":\"ReadAction\",\"target\":[\"https:\/\/polarize.poker\/coaches\/jose-nominaliz-diegues\/\"]}]},{\"@type\":\"BreadcrumbList\",\"@id\":\"https:\/\/polarize.poker\/coaches\/jose-nominaliz-diegues\/#breadcrumb\",\"itemListElement\":[{\"@type\":\"ListItem\",\"position\":1,\"name\":\"In\u00edcio\",\"item\":\"https:\/\/polarize.poker\/\"},{\"@type\":\"ListItem\",\"position\":2,\"name\":\"Coaches\",\"item\":\"https:\/\/polarize.poker\/coaches\/\"},{\"@type\":\"ListItem\",\"position\":3,\"name\":\"Jos\u00e9 &#8220;Nominaliz&#8221; Diegues &#8211; Coach\"}]},{\"@type\":\"WebSite\",\"@id\":\"https:\/\/polarize.poker\/#website\",\"url\":\"https:\/\/polarize.poker\/\",\"name\":\"Polarize Poker\",\"description\":\"Coaching &amp; Staking\",\"publisher\":{\"@id\":\"https:\/\/polarize.poker\/#organization\"},\"potentialAction\":[{\"@type\":\"SearchAction\",\"target\":{\"@type\":\"EntryPoint\",\"urlTemplate\":\"https:\/\/polarize.poker\/?s={search_term_string}\"},\"query-input\":{\"@type\":\"PropertyValueSpecification\",\"valueRequired\":true,\"valueName\":\"search_term_string\"}}],\"inLanguage\":\"en-US\"},{\"@type\":\"Organization\",\"@id\":\"https:\/\/polarize.poker\/#organization\",\"name\":\"Polarize Poker\",\"url\":\"https:\/\/polarize.poker\/\",\"logo\":{\"@type\":\"ImageObject\",\"inLanguage\":\"en-US\",\"@id\":\"https:\/\/polarize.poker\/#\/schema\/logo\/image\/\",\"url\":\"https:\/\/polarize.poker\/wp-content\/uploads\/2020\/05\/polarize-logo.png\",\"contentUrl\":\"https:\/\/polarize.poker\/wp-content\/uploads\/2020\/05\/polarize-logo.png\",\"width\":600,\"height\":600,\"caption\":\"Polarize Poker\"},\"image\":{\"@id\":\"https:\/\/polarize.poker\/#\/schema\/logo\/image\/\"}}]}<\/script>\n<!-- \/ Yoast SEO plugin. -->","yoast_head_json":{"title":"Jos\u00e9 \"Nominaliz\" Diegues - Coach - Polarize Poker","robots":{"index":"index","follow":"follow","max-snippet":"max-snippet:-1","max-image-preview":"max-image-preview:large","max-video-preview":"max-video-preview:-1"},"canonical":"https:\/\/polarize.poker\/en\/coaches\/jose-nominaliz-diegues\/","og_locale":"en_US","og_type":"article","og_title":"Jos\u00e9 \"Nominaliz\" Diegues - Coach - Polarize Poker","og_url":"https:\/\/polarize.poker\/en\/coaches\/jose-nominaliz-diegues\/","og_site_name":"Polarize Poker","article_modified_time":"2022-03-23T13:37:27+00:00","twitter_card":"summary_large_image","schema":{"@context":"https:\/\/schema.org","@graph":[{"@type":"WebPage","@id":"https:\/\/polarize.poker\/coaches\/jose-nominaliz-diegues\/","url":"https:\/\/polarize.poker\/coaches\/jose-nominaliz-diegues\/","name":"Jos\u00e9 \"Nominaliz\" Diegues - Coach - Polarize Poker","isPartOf":{"@id":"https:\/\/polarize.poker\/#website"},"datePublished":"2022-02-21T15:12:42+00:00","dateModified":"2022-03-23T13:37:27+00:00","breadcrumb":{"@id":"https:\/\/polarize.poker\/coaches\/jose-nominaliz-diegues\/#breadcrumb"},"inLanguage":"en-US","potentialAction":[{"@type":"ReadAction","target":["https:\/\/polarize.poker\/coaches\/jose-nominaliz-diegues\/"]}]},{"@type":"BreadcrumbList","@id":"https:\/\/polarize.poker\/coaches\/jose-nominaliz-diegues\/#breadcrumb","itemListElement":[{"@type":"ListItem","position":1,"name":"In\u00edcio","item":"https:\/\/polarize.poker\/"},{"@type":"ListItem","position":2,"name":"Coaches","item":"https:\/\/polarize.poker\/coaches\/"},{"@type":"ListItem","position":3,"name":"Jos\u00e9 &#8220;Nominaliz&#8221; Diegues &#8211; Coach"}]},{"@type":"WebSite","@id":"https:\/\/polarize.poker\/#website","url":"https:\/\/polarize.poker\/","name":"Polarize Poker","description":"Coaching &amp; Staking","publisher":{"@id":"https:\/\/polarize.poker\/#organization"},"potentialAction":[{"@type":"SearchAction","target":{"@type":"EntryPoint","urlTemplate":"https:\/\/polarize.poker\/?s={search_term_string}"},"query-input":{"@type":"PropertyValueSpecification","valueRequired":true,"valueName":"search_term_string"}}],"inLanguage":"en-US"},{"@type":"Organization","@id":"https:\/\/polarize.poker\/#organization","name":"Polarize Poker","url":"https:\/\/polarize.poker\/","logo":{"@type":"ImageObject","inLanguage":"en-US","@id":"https:\/\/polarize.poker\/#\/schema\/logo\/image\/","url":"https:\/\/polarize.poker\/wp-content\/uploads\/2020\/05\/polarize-logo.png","contentUrl":"https:\/\/polarize.poker\/wp-content\/uploads\/2020\/05\/polarize-logo.png","width":600,"height":600,"caption":"Polarize Poker"},"image":{"@id":"https:\/\/polarize.poker\/#\/schema\/logo\/image\/"}}]}},"_links":{"self":[{"href":"https:\/\/polarize.poker\/en\/wp-json\/wp\/v2\/pages\/71575"}],"collection":[{"href":"https:\/\/polarize.poker\/en\/wp-json\/wp\/v2\/pages"}],"about":[{"href":"https:\/\/polarize.poker\/en\/wp-json\/wp\/v2\/types\/page"}],"author":[{"embeddable":true,"href":"https:\/\/polarize.poker\/en\/wp-json\/wp\/v2\/users\/1"}],"replies":[{"embeddable":true,"href":"https:\/\/polarize.poker\/en\/wp-json\/wp\/v2\/comments?post=71575"}],"version-history":[{"count":0,"href":"https:\/\/polarize.poker\/en\/wp-json\/wp\/v2\/pages\/71575\/revisions"}],"up":[{"embeddable":true,"href":"https:\/\/polarize.poker\/en\/wp-json\/wp\/v2\/pages\/42649"}],"wp:attachment":[{"href":"https:\/\/polarize.poker\/en\/wp-json\/wp\/v2\/media?parent=71575"}],"curies":[{"name":"wp","href":"https:\/\/api.w.org\/{rel}","templated":true}]}}