{"id":72583,"date":"2022-03-23T13:37:33","date_gmt":"2022-03-23T13:37:33","guid":{"rendered":"https:\/\/polarizepoker.com.br\/?page_id=72583"},"modified":"2022-03-23T16:50:44","modified_gmt":"2022-03-23T16:50:44","slug":"ricardo-caridade-caridade","status":"publish","type":"page","link":"https:\/\/polarize.poker\/en\/coaches\/ricardo-caridade-caridade\/","title":{"rendered":"Ricardo \u201cCaridade\u201d Caridade \u2013 Coach"},"content":{"rendered":"\r\n<header class=\"tw-bg-center tw-bg-cover tw-overflow-hidden\" style=\"background-image: url(\/wp-content\/uploads\/bgCoachHeader.jpg);\">\r\n    <div class=\"pp-content tw-bg-gradient-to-t tw-from-primary xl:tw-from-transparent\">\r\n        <div class=\"container tw-text-white tw-pt-10 tw-text-center tw-grid xl:tw-text-left xl:tw-grid-cols-3\">\r\n            <div class=\"tw-flex tw-align-bottom tw-justify-center\">\r\n                <img decoding=\"async\" class=\"tw-hidden xl:tw-inline-flex tw-object-cover\" src=\"https:\/\/d2141i1ka62b09.cloudfront.net\/wp-content\/uploads\/tdsfgdsfg-5-1.png\" alt=\"\"\/>\r\n                <span class=\"xl:tw-hidden tw-inline-block tw-rounded-full tw-bg-white tw-shadow-lg tw-p-2 tw-mb-6\">\r\n                    <img decoding=\"async\" class=\"tw-rounded-full\" src=\"https:\/\/d2141i1ka62b09.cloudfront.net\/wp-content\/uploads\/caridade-300x300.png\" alt=\"\"\/>\r\n                <\/span>    \r\n            <\/div>\r\n\r\n            <div class=\"tw-pb-6 tw-px-2 tw-pt-0 tw-self-center xl:tw-col-span-2\">\r\n                <h5 class=\"tw-text-white tw-mb-2\">\r\n                    Ricardo Caridade                <\/h5>\r\n                <h1 class=\"tw-text-white tw-mb-6\">\r\n                    Caridade                <\/h1>\r\n                <div class=\"tw-mx-auto tw-max-w-4xl xl:tw-text-justify [&>p]:tw-mb-4\">\r\n                    <p class=\"tw-text-lg\">\r\n                        Ricardo \u201cCaridade\u201d Caridade, conheceu o poker em 2010, atrav\u00e9s dos seus amigos, mas s\u00f3 em 2012 teve a sua primeira experi\u00eancia de jogo online na Bwin, e mais tarde na PokerStars.<br>Tratava o poker como um hobby e ia depositando, de vez em quando, algum do dinheiro que ganhava no seu trabalho. Mais tarde, quando se apercebeu que o poker era um jogo onde existiam v\u00e1rios profissionais, e que era poss\u00edvel \u201cfazer vida\u201d do mesmo, come\u00e7ou a ficar mais interessado e decidiu inscrever-se numa escola de poker online americana \u2013 a Tournament Poker Edge.<br>Com a sua inscri\u00e7\u00e3o numa equipa, come\u00e7aram a surgir os primeiros resultados, o que fez com que come\u00e7asse a tratar o poker como um part-time \u2013 podia fazer algo que adorava e ao mesmo tempo, ganhar algum dinheiro.<br>Para acrescentar \u00e0 sua experi\u00eancia, teve coaching com o brasileiro Pessagno e com Henrique Pinho da Team Pro da PokerStars.<br>Em 2015, ingressou na sua primeira experi\u00eancia como \u201cStakee\u201d pela Samba Poker Team. No entanto, coincidiu com o ano em que acabou o poker online em Portugal, o que fez com que a dura\u00e7\u00e3o desta experi\u00eancia tenha sido de apenas 6 meses.<br>Devido a todas estas circunst\u00e2ncias, colocou menos volume at\u00e9 ao ano de 2017, quando come\u00e7ou a focar-se mais no jogo live e nos websites permitidos em Portugal.<br>Caridade sentiu o seu jogo a estagnar, e em fevereiro de 2017, depois de ver um an\u00fancio no Facebook, decidiu candidatar-se e entrar na Polarize.<br>Desde ent\u00e3o, aprofundou os seus conhecimentos e foi gradualmente aumentando o n\u00famero de horas que investia no poker, inclusive tornou-se Coach da Polarize. Em janeiro de 2021 torna-se oficialmente profissional de poker a full-time.                    <\/p>\r\n                <\/div>\r\n            <\/div>\r\n        <\/div>\r\n    <\/div>\r\n<\/header>\r\n\r\n<section class=\"tw-bg-primary tw-text-white\">\r\n    <div class=\"pp-content\">\r\n        <div class=\"container tw-my-auto tw-py-5 tw-text-center\">\r\n            <div class=\"tw-my-0 tw-grid tw-grid-cols-1 md:tw-grid-cols-2 lg:tw-grid-cols-4 tw-text-center tw-overflow-hidden tw-relative\">\r\n                <div class=\"tw-px-5 tw-py-12\">\r\n                    <h2 class=\"tw-mb-2 tw-text-3xl tw-font-bold tw-text-accent\">2012<\/h2>\r\n                    <h3 class=\"tw-mb-4 tw-tracking-wide tw-text-2xl tw-font-bold tw-text-white\">A jogar desde<\/h3>\r\n                    <p class=\"tw-mb-0 tw-max-w-sm tw-text-lg tw-mx-auto\">Entrou na Polarize Poker em 2017.<\/p>\r\n                <\/div>\r\n                <div class=\"tw-px-5 tw-py-12\">\r\n                    <h2 class=\"tw-mb-2 tw-text-3xl tw-font-bold tw-text-accent\">$206,000<\/h2>\r\n                    <h3 class=\"tw-mb-4 tw-tracking-wide tw-text-2xl tw-font-bold tw-text-white\">Maior pr\u00e9mio<\/h3>\r\n                    <p class=\"tw-mb-0 tw-max-w-sm tw-text-lg tw-mx-auto\">O maior pr\u00e9mio de Caridade num torneio.<\/p>\r\n                <\/div>\r\n                <div class=\"tw-px-5 tw-py-12\">\r\n                    <h2 class=\"tw-mb-2 tw-text-3xl tw-font-bold tw-text-accent\">$750,000<\/h2>\r\n                    <h3 class=\"tw-mb-4 tw-tracking-wide tw-text-2xl tw-font-bold tw-text-white\">Ganhos totais<\/h3>\r\n                    <p class=\"tw-mb-0 tw-max-w-sm tw-text-lg tw-mx-auto\">Um valor em constante crescimento.<\/p>\r\n                <\/div>\r\n                <div class=\"tw-px-5 tw-py-12\">\r\n                    <h2 class=\"tw-mb-2 tw-text-3xl tw-font-bold tw-text-accent\">+60<\/h2>\r\n                    <h3 class=\"tw-mb-4 tw-tracking-wide tw-text-2xl tw-font-bold tw-text-white\">Jogadores coached<\/h3>\r\n                    <p class=\"tw-mb-0 tw-max-w-sm tw-text-lg tw-mx-auto\">Foram v\u00e1rios os alunos que ensinou.<\/p>\r\n                <\/div>\r\n            <\/div>\r\n        <\/div>\r\n    <\/div>\r\n<\/section>\r\n\r\n\r\n<div class=\"tw-bg-gradient-to-b tw-from-primary tw-to-accent xl:tw-bg-gradient-to-r\">\r\n    <div class=\"pp-content\">\r\n        <div class=\"container tw-py-4\">\r\n            <div class=\"tw-grid xl:tw-grid-cols-2 xl:tw-gap-10 tw-pt-10\">\r\n                <div class=\"tw-self-center\">\r\n                    <div class=\"tw-text-center xl:tw-text-left\">\r\n                        <h2 class=\"tw-mb-10 tw-text-3xl lg:tw-text-4xl tw-underline tw-underline-offset-4 tw-text-white tw-decoration-accent\">\r\n                            Entrevista\r\n                        <\/h2>\r\n                        <div class=\"tw-max-w-4xl tw-mx-auto xl:tw-text-justify tw-pt-2\">\r\n                            <p class=\"tw-mb-0 tw-text-white\">\r\n                                Os maiores marcos da carreira de Caridade, foram a vit\u00f3ria no GG Masters em mar\u00e7o de 2021, o 4\u00ba lugar no 10k HR do EPT de Praga \u2013 o seu primeiro EPT, mas acima de tudo, destaca o facto de ter conseguido se dedicar a full-time, quando j\u00e1 tinha um emprego est\u00e1vel, no qual era bem-sucedido h\u00e1 mais de 10 anos.<br>Um dos seus grandes sonhos \u00e9 contribuir para que o poker seja reconhecido, em Portugal, como um desporto da mente (\u00e0 semelhan\u00e7a do xadrez), ao inv\u00e9s de ser considerado um jogo de sorte\/azar. Gostaria tamb\u00e9m de ver o poker como um desporto ol\u00edmpico.                            <\/p>\r\n                        <\/div>\r\n                    <\/div>\r\n                <\/div>\r\n                <div class=\"tw-rounded-xl\">\r\n                    <iframe loading=\"lazy\" width=\"560\" height=\"315\" class=\"tw-rounded-xl\" src=\"https:\/\/www.youtube.com\/embed\/Ky6Ux5XFw20\" title=\"YouTube video player\" frameborder=\"0\" allow=\"accelerometer; autoplay; clipboard-write; encrypted-media; gyroscope; picture-in-picture\" allowfullscreen><\/iframe>\r\n                <\/div>\r\n            <\/div>\r\n        <\/div>\r\n    <\/div>\r\n<\/div>\r\n\r\n\r\n\r\n\n<div class=\"tw-bg-cover tw-bg-center\" style=\"background-image:url(\/wp-content\/uploads\/background-pattern.jpg)\">\n    <div class=\"pp-content\">\n        <div class=\"container tw-py-20 xl:tw-flex xl:tw-items-center xl:tw-justify-between\">\n            <div class=\"tw-text-center xl:tw-text-left\">\n                <h2 class=\"tw-text-white tw-mb-8 tw-text-3xl lg:tw-text-4xl tw-underline tw-decoration-accent tw-underline-offset-4\">\n                    Candidaturas abertas!                <\/h2>\n                <p class=\"tw-mb-0 tw-text-white\/90 tw-text-lg tw-max-w-4xl xl:tw-max-w-3xl 2xl:tw-max-w-4xl tw-mx-auto\">\n                    Se sentes que tens o que \u00e9 preciso para integrar a nossa equipa e jogar entre os melhores nas mesas de <b>Multi-Table Tournaments<\/b>, preenche a tua candidatura! <b>Rui <i>\"RuiNF\"<\/i> Ferreira<\/b> e <b>Diogo <i>\"NORTE\"<\/i> Cardoso<\/b> v\u00eam a dinamizar o projeto Polarize Poker desde o ano de 2017 com um longo registo de sucesso, do qual agora podes fazer parte!                <\/p>\n            <\/div>\n            <div class=\"tw-text-center xl:tw-flex-shrink-0\">\n                <a href=\"\/candidatura\/\">\n                    <button type=\"button\" class=\"tw-mt-8 tw-py-3 tw-px-8 tw-text-lg tw-border tw-border-transparent tw-font-medium tw-rounded-full tw-text-black tw-bg-accent xl:tw-text-2xl xl:tw-py-4 xl:tw-px-10\">\n                        CANDIDATA-TE\n                    <\/button>\n                <\/a>\n            <\/div>    \n        <\/div>\n    <\/div>\n<\/div>\n \r\n\r\n","protected":false},"excerpt":{"rendered":"","protected":false},"author":1,"featured_media":0,"parent":42649,"menu_order":0,"comment_status":"closed","ping_status":"closed","template":"page-fullwidth-content.php","meta":{"footnotes":""},"class_list":["post-72583","page","type-page","status-publish","hentry"],"yoast_head":"<!-- This site is optimized with the Yoast SEO plugin v25.6 - https:\/\/yoast.com\/wordpress\/plugins\/seo\/ -->\n<title>Ricardo &quot;Caridade&quot; Caridade - Coach - Polarize Poker<\/title>\n<meta name=\"robots\" content=\"index, follow, max-snippet:-1, max-image-preview:large, max-video-preview:-1\" \/>\n<link rel=\"canonical\" href=\"https:\/\/polarize.poker\/en\/coaches\/ricardo-caridade-caridade\/\" \/>\n<meta property=\"og:locale\" content=\"en_US\" \/>\n<meta property=\"og:type\" content=\"article\" \/>\n<meta property=\"og:title\" content=\"Ricardo &quot;Caridade&quot; Caridade - Coach - Polarize Poker\" \/>\n<meta property=\"og:url\" content=\"https:\/\/polarize.poker\/en\/coaches\/ricardo-caridade-caridade\/\" \/>\n<meta property=\"og:site_name\" content=\"Polarize Poker\" \/>\n<meta property=\"article:modified_time\" content=\"2022-03-23T16:50:44+00:00\" \/>\n<meta name=\"twitter:card\" content=\"summary_large_image\" \/>\n<script type=\"application\/ld+json\" class=\"yoast-schema-graph\">{\"@context\":\"https:\/\/schema.org\",\"@graph\":[{\"@type\":\"WebPage\",\"@id\":\"https:\/\/polarize.poker\/coaches\/ricardo-caridade-caridade\/\",\"url\":\"https:\/\/polarize.poker\/coaches\/ricardo-caridade-caridade\/\",\"name\":\"Ricardo \\\"Caridade\\\" Caridade - Coach - Polarize Poker\",\"isPartOf\":{\"@id\":\"https:\/\/polarize.poker\/#website\"},\"datePublished\":\"2022-03-23T13:37:33+00:00\",\"dateModified\":\"2022-03-23T16:50:44+00:00\",\"breadcrumb\":{\"@id\":\"https:\/\/polarize.poker\/coaches\/ricardo-caridade-caridade\/#breadcrumb\"},\"inLanguage\":\"en-US\",\"potentialAction\":[{\"@type\":\"ReadAction\",\"target\":[\"https:\/\/polarize.poker\/coaches\/ricardo-caridade-caridade\/\"]}]},{\"@type\":\"BreadcrumbList\",\"@id\":\"https:\/\/polarize.poker\/coaches\/ricardo-caridade-caridade\/#breadcrumb\",\"itemListElement\":[{\"@type\":\"ListItem\",\"position\":1,\"name\":\"In\u00edcio\",\"item\":\"https:\/\/polarize.poker\/\"},{\"@type\":\"ListItem\",\"position\":2,\"name\":\"Coaches\",\"item\":\"https:\/\/polarize.poker\/coaches\/\"},{\"@type\":\"ListItem\",\"position\":3,\"name\":\"Ricardo &#8220;Caridade&#8221; Caridade &#8211; Coach\"}]},{\"@type\":\"WebSite\",\"@id\":\"https:\/\/polarize.poker\/#website\",\"url\":\"https:\/\/polarize.poker\/\",\"name\":\"Polarize Poker\",\"description\":\"Coaching &amp; Staking\",\"publisher\":{\"@id\":\"https:\/\/polarize.poker\/#organization\"},\"potentialAction\":[{\"@type\":\"SearchAction\",\"target\":{\"@type\":\"EntryPoint\",\"urlTemplate\":\"https:\/\/polarize.poker\/?s={search_term_string}\"},\"query-input\":{\"@type\":\"PropertyValueSpecification\",\"valueRequired\":true,\"valueName\":\"search_term_string\"}}],\"inLanguage\":\"en-US\"},{\"@type\":\"Organization\",\"@id\":\"https:\/\/polarize.poker\/#organization\",\"name\":\"Polarize Poker\",\"url\":\"https:\/\/polarize.poker\/\",\"logo\":{\"@type\":\"ImageObject\",\"inLanguage\":\"en-US\",\"@id\":\"https:\/\/polarize.poker\/#\/schema\/logo\/image\/\",\"url\":\"https:\/\/polarize.poker\/wp-content\/uploads\/2020\/05\/polarize-logo.png\",\"contentUrl\":\"https:\/\/polarize.poker\/wp-content\/uploads\/2020\/05\/polarize-logo.png\",\"width\":600,\"height\":600,\"caption\":\"Polarize Poker\"},\"image\":{\"@id\":\"https:\/\/polarize.poker\/#\/schema\/logo\/image\/\"}}]}<\/script>\n<!-- \/ Yoast SEO plugin. -->","yoast_head_json":{"title":"Ricardo \"Caridade\" Caridade - Coach - Polarize Poker","robots":{"index":"index","follow":"follow","max-snippet":"max-snippet:-1","max-image-preview":"max-image-preview:large","max-video-preview":"max-video-preview:-1"},"canonical":"https:\/\/polarize.poker\/en\/coaches\/ricardo-caridade-caridade\/","og_locale":"en_US","og_type":"article","og_title":"Ricardo \"Caridade\" Caridade - Coach - Polarize Poker","og_url":"https:\/\/polarize.poker\/en\/coaches\/ricardo-caridade-caridade\/","og_site_name":"Polarize Poker","article_modified_time":"2022-03-23T16:50:44+00:00","twitter_card":"summary_large_image","schema":{"@context":"https:\/\/schema.org","@graph":[{"@type":"WebPage","@id":"https:\/\/polarize.poker\/coaches\/ricardo-caridade-caridade\/","url":"https:\/\/polarize.poker\/coaches\/ricardo-caridade-caridade\/","name":"Ricardo \"Caridade\" Caridade - Coach - Polarize Poker","isPartOf":{"@id":"https:\/\/polarize.poker\/#website"},"datePublished":"2022-03-23T13:37:33+00:00","dateModified":"2022-03-23T16:50:44+00:00","breadcrumb":{"@id":"https:\/\/polarize.poker\/coaches\/ricardo-caridade-caridade\/#breadcrumb"},"inLanguage":"en-US","potentialAction":[{"@type":"ReadAction","target":["https:\/\/polarize.poker\/coaches\/ricardo-caridade-caridade\/"]}]},{"@type":"BreadcrumbList","@id":"https:\/\/polarize.poker\/coaches\/ricardo-caridade-caridade\/#breadcrumb","itemListElement":[{"@type":"ListItem","position":1,"name":"In\u00edcio","item":"https:\/\/polarize.poker\/"},{"@type":"ListItem","position":2,"name":"Coaches","item":"https:\/\/polarize.poker\/coaches\/"},{"@type":"ListItem","position":3,"name":"Ricardo &#8220;Caridade&#8221; Caridade &#8211; Coach"}]},{"@type":"WebSite","@id":"https:\/\/polarize.poker\/#website","url":"https:\/\/polarize.poker\/","name":"Polarize Poker","description":"Coaching &amp; Staking","publisher":{"@id":"https:\/\/polarize.poker\/#organization"},"potentialAction":[{"@type":"SearchAction","target":{"@type":"EntryPoint","urlTemplate":"https:\/\/polarize.poker\/?s={search_term_string}"},"query-input":{"@type":"PropertyValueSpecification","valueRequired":true,"valueName":"search_term_string"}}],"inLanguage":"en-US"},{"@type":"Organization","@id":"https:\/\/polarize.poker\/#organization","name":"Polarize Poker","url":"https:\/\/polarize.poker\/","logo":{"@type":"ImageObject","inLanguage":"en-US","@id":"https:\/\/polarize.poker\/#\/schema\/logo\/image\/","url":"https:\/\/polarize.poker\/wp-content\/uploads\/2020\/05\/polarize-logo.png","contentUrl":"https:\/\/polarize.poker\/wp-content\/uploads\/2020\/05\/polarize-logo.png","width":600,"height":600,"caption":"Polarize Poker"},"image":{"@id":"https:\/\/polarize.poker\/#\/schema\/logo\/image\/"}}]}},"_links":{"self":[{"href":"https:\/\/polarize.poker\/en\/wp-json\/wp\/v2\/pages\/72583"}],"collection":[{"href":"https:\/\/polarize.poker\/en\/wp-json\/wp\/v2\/pages"}],"about":[{"href":"https:\/\/polarize.poker\/en\/wp-json\/wp\/v2\/types\/page"}],"author":[{"embeddable":true,"href":"https:\/\/polarize.poker\/en\/wp-json\/wp\/v2\/users\/1"}],"replies":[{"embeddable":true,"href":"https:\/\/polarize.poker\/en\/wp-json\/wp\/v2\/comments?post=72583"}],"version-history":[{"count":0,"href":"https:\/\/polarize.poker\/en\/wp-json\/wp\/v2\/pages\/72583\/revisions"}],"up":[{"embeddable":true,"href":"https:\/\/polarize.poker\/en\/wp-json\/wp\/v2\/pages\/42649"}],"wp:attachment":[{"href":"https:\/\/polarize.poker\/en\/wp-json\/wp\/v2\/media?parent=72583"}],"curies":[{"name":"wp","href":"https:\/\/api.w.org\/{rel}","templated":true}]}}