{"id":67284,"date":"2021-11-29T16:39:05","date_gmt":"2021-11-29T16:39:05","guid":{"rendered":"https:\/\/polarizepoker.com.br\/?post_type=product&#038;p=67284"},"modified":"2021-11-30T12:43:43","modified_gmt":"2021-11-30T12:43:43","slug":"bone-polarize","status":"publish","type":"product","link":"https:\/\/polarize.poker\/en\/loja\/bone-polarize\/","title":{"rendered":"Polarize Hat"},"content":{"rendered":"<p>The Polarize Cap is a classic cap with small, carefully placed embroidered graphics. While the mesh panels on the sides give it a relaxed feel. Great for any time of day.<br \/>\nThis cap has a 6-panel design to ensure comfort and a plastic adjustment buckle. The twill fabric on the front panel is soft and comfortable and the stitched eyelets increase breathability. The visor is curved, with 8 seams on the visor.<\/p>\n<p>Composition: 60% Cotton, 40% Polyester<\/p>\n<p>Color displayed: Black<\/p>","protected":false},"excerpt":{"rendered":"<p>Classic cap with small, carefully placed embroidered graphics<\/p>","protected":false},"featured_media":67324,"template":"","meta":[],"product_brand":[],"product_cat":[286],"product_tag":[],"class_list":{"0":"post-67284","1":"product","2":"type-product","3":"status-publish","4":"has-post-thumbnail","6":"product_cat-roupa","8":"first","9":"instock","10":"taxable","11":"shipping-taxable","12":"purchasable","13":"product-type-variable"},"yoast_head":"<!-- This site is optimized with the Yoast SEO plugin v25.6 - https:\/\/yoast.com\/wordpress\/plugins\/seo\/ -->\n<title>Bon\u00e9 Polarize - Polarize Poker<\/title>\n<meta name=\"robots\" content=\"index, follow, max-snippet:-1, max-image-preview:large, max-video-preview:-1\" \/>\n<link rel=\"canonical\" href=\"https:\/\/polarize.poker\/en\/loja\/bone-polarize\/\" \/>\n<meta property=\"og:locale\" content=\"en_US\" \/>\n<meta property=\"og:type\" content=\"article\" \/>\n<meta property=\"og:title\" content=\"Bon\u00e9 Polarize - Polarize Poker\" \/>\n<meta property=\"og:description\" content=\"Bon\u00e9 cl\u00e1ssico com o grafismo bordado a pequeno, cuidadosamente localizado\" \/>\n<meta property=\"og:url\" content=\"https:\/\/polarize.poker\/en\/loja\/bone-polarize\/\" \/>\n<meta property=\"og:site_name\" content=\"Polarize Poker\" \/>\n<meta property=\"article:modified_time\" content=\"2021-11-30T12:43:43+00:00\" \/>\n<meta property=\"og:image\" content=\"https:\/\/polarize.poker\/wp-content\/uploads\/POLARIZE10260.jpg\" \/>\n\t<meta property=\"og:image:width\" content=\"720\" \/>\n\t<meta property=\"og:image:height\" content=\"1080\" \/>\n\t<meta property=\"og:image:type\" content=\"image\/jpeg\" \/>\n<meta name=\"twitter:card\" content=\"summary_large_image\" \/>\n<script type=\"application\/ld+json\" class=\"yoast-schema-graph\">{\"@context\":\"https:\/\/schema.org\",\"@graph\":[{\"@type\":\"WebPage\",\"@id\":\"https:\/\/polarize.poker\/loja\/bone-polarize\/\",\"url\":\"https:\/\/polarize.poker\/loja\/bone-polarize\/\",\"name\":\"Bon\u00e9 Polarize - Polarize Poker\",\"isPartOf\":{\"@id\":\"https:\/\/polarize.poker\/#website\"},\"primaryImageOfPage\":{\"@id\":\"https:\/\/polarize.poker\/loja\/bone-polarize\/#primaryimage\"},\"image\":{\"@id\":\"https:\/\/polarize.poker\/loja\/bone-polarize\/#primaryimage\"},\"thumbnailUrl\":\"https:\/\/polarize.poker\/wp-content\/uploads\/POLARIZE10260.jpg\",\"datePublished\":\"2021-11-29T16:39:05+00:00\",\"dateModified\":\"2021-11-30T12:43:43+00:00\",\"breadcrumb\":{\"@id\":\"https:\/\/polarize.poker\/loja\/bone-polarize\/#breadcrumb\"},\"inLanguage\":\"en-US\",\"potentialAction\":[{\"@type\":\"ReadAction\",\"target\":[\"https:\/\/polarize.poker\/loja\/bone-polarize\/\"]}]},{\"@type\":\"ImageObject\",\"inLanguage\":\"en-US\",\"@id\":\"https:\/\/polarize.poker\/loja\/bone-polarize\/#primaryimage\",\"url\":\"https:\/\/polarize.poker\/wp-content\/uploads\/POLARIZE10260.jpg\",\"contentUrl\":\"https:\/\/polarize.poker\/wp-content\/uploads\/POLARIZE10260.jpg\",\"width\":720,\"height\":1080},{\"@type\":\"BreadcrumbList\",\"@id\":\"https:\/\/polarize.poker\/loja\/bone-polarize\/#breadcrumb\",\"itemListElement\":[{\"@type\":\"ListItem\",\"position\":1,\"name\":\"In\u00edcio\",\"item\":\"https:\/\/polarize.poker\/\"},{\"@type\":\"ListItem\",\"position\":2,\"name\":\"Loja\",\"item\":\"https:\/\/polarize.poker\/loja\/\"},{\"@type\":\"ListItem\",\"position\":3,\"name\":\"Bon\u00e9 Polarize\"}]},{\"@type\":\"WebSite\",\"@id\":\"https:\/\/polarize.poker\/#website\",\"url\":\"https:\/\/polarize.poker\/\",\"name\":\"Polarize Poker\",\"description\":\"Coaching &amp; Staking\",\"publisher\":{\"@id\":\"https:\/\/polarize.poker\/#organization\"},\"potentialAction\":[{\"@type\":\"SearchAction\",\"target\":{\"@type\":\"EntryPoint\",\"urlTemplate\":\"https:\/\/polarize.poker\/?s={search_term_string}\"},\"query-input\":{\"@type\":\"PropertyValueSpecification\",\"valueRequired\":true,\"valueName\":\"search_term_string\"}}],\"inLanguage\":\"en-US\"},{\"@type\":\"Organization\",\"@id\":\"https:\/\/polarize.poker\/#organization\",\"name\":\"Polarize Poker\",\"url\":\"https:\/\/polarize.poker\/\",\"logo\":{\"@type\":\"ImageObject\",\"inLanguage\":\"en-US\",\"@id\":\"https:\/\/polarize.poker\/#\/schema\/logo\/image\/\",\"url\":\"https:\/\/polarize.poker\/wp-content\/uploads\/2020\/05\/polarize-logo.png\",\"contentUrl\":\"https:\/\/polarize.poker\/wp-content\/uploads\/2020\/05\/polarize-logo.png\",\"width\":600,\"height\":600,\"caption\":\"Polarize Poker\"},\"image\":{\"@id\":\"https:\/\/polarize.poker\/#\/schema\/logo\/image\/\"}}]}<\/script>\n<!-- \/ Yoast SEO plugin. -->","yoast_head_json":{"title":"Bon\u00e9 Polarize - Polarize Poker","robots":{"index":"index","follow":"follow","max-snippet":"max-snippet:-1","max-image-preview":"max-image-preview:large","max-video-preview":"max-video-preview:-1"},"canonical":"https:\/\/polarize.poker\/en\/loja\/bone-polarize\/","og_locale":"en_US","og_type":"article","og_title":"Bon\u00e9 Polarize - Polarize Poker","og_description":"Bon\u00e9 cl\u00e1ssico com o grafismo bordado a pequeno, cuidadosamente localizado","og_url":"https:\/\/polarize.poker\/en\/loja\/bone-polarize\/","og_site_name":"Polarize Poker","article_modified_time":"2021-11-30T12:43:43+00:00","og_image":[{"width":720,"height":1080,"url":"https:\/\/polarize.poker\/wp-content\/uploads\/POLARIZE10260.jpg","type":"image\/jpeg"}],"twitter_card":"summary_large_image","schema":{"@context":"https:\/\/schema.org","@graph":[{"@type":"WebPage","@id":"https:\/\/polarize.poker\/loja\/bone-polarize\/","url":"https:\/\/polarize.poker\/loja\/bone-polarize\/","name":"Bon\u00e9 Polarize - Polarize Poker","isPartOf":{"@id":"https:\/\/polarize.poker\/#website"},"primaryImageOfPage":{"@id":"https:\/\/polarize.poker\/loja\/bone-polarize\/#primaryimage"},"image":{"@id":"https:\/\/polarize.poker\/loja\/bone-polarize\/#primaryimage"},"thumbnailUrl":"https:\/\/polarize.poker\/wp-content\/uploads\/POLARIZE10260.jpg","datePublished":"2021-11-29T16:39:05+00:00","dateModified":"2021-11-30T12:43:43+00:00","breadcrumb":{"@id":"https:\/\/polarize.poker\/loja\/bone-polarize\/#breadcrumb"},"inLanguage":"en-US","potentialAction":[{"@type":"ReadAction","target":["https:\/\/polarize.poker\/loja\/bone-polarize\/"]}]},{"@type":"ImageObject","inLanguage":"en-US","@id":"https:\/\/polarize.poker\/loja\/bone-polarize\/#primaryimage","url":"https:\/\/polarize.poker\/wp-content\/uploads\/POLARIZE10260.jpg","contentUrl":"https:\/\/polarize.poker\/wp-content\/uploads\/POLARIZE10260.jpg","width":720,"height":1080},{"@type":"BreadcrumbList","@id":"https:\/\/polarize.poker\/loja\/bone-polarize\/#breadcrumb","itemListElement":[{"@type":"ListItem","position":1,"name":"In\u00edcio","item":"https:\/\/polarize.poker\/"},{"@type":"ListItem","position":2,"name":"Loja","item":"https:\/\/polarize.poker\/loja\/"},{"@type":"ListItem","position":3,"name":"Bon\u00e9 Polarize"}]},{"@type":"WebSite","@id":"https:\/\/polarize.poker\/#website","url":"https:\/\/polarize.poker\/","name":"Polarize Poker","description":"Coaching &amp; Staking","publisher":{"@id":"https:\/\/polarize.poker\/#organization"},"potentialAction":[{"@type":"SearchAction","target":{"@type":"EntryPoint","urlTemplate":"https:\/\/polarize.poker\/?s={search_term_string}"},"query-input":{"@type":"PropertyValueSpecification","valueRequired":true,"valueName":"search_term_string"}}],"inLanguage":"en-US"},{"@type":"Organization","@id":"https:\/\/polarize.poker\/#organization","name":"Polarize Poker","url":"https:\/\/polarize.poker\/","logo":{"@type":"ImageObject","inLanguage":"en-US","@id":"https:\/\/polarize.poker\/#\/schema\/logo\/image\/","url":"https:\/\/polarize.poker\/wp-content\/uploads\/2020\/05\/polarize-logo.png","contentUrl":"https:\/\/polarize.poker\/wp-content\/uploads\/2020\/05\/polarize-logo.png","width":600,"height":600,"caption":"Polarize Poker"},"image":{"@id":"https:\/\/polarize.poker\/#\/schema\/logo\/image\/"}}]}},"_links":{"self":[{"href":"https:\/\/polarize.poker\/en\/wp-json\/wp\/v2\/product\/67284"}],"collection":[{"href":"https:\/\/polarize.poker\/en\/wp-json\/wp\/v2\/product"}],"about":[{"href":"https:\/\/polarize.poker\/en\/wp-json\/wp\/v2\/types\/product"}],"wp:featuredmedia":[{"embeddable":true,"href":"https:\/\/polarize.poker\/en\/wp-json\/wp\/v2\/media\/67324"}],"wp:attachment":[{"href":"https:\/\/polarize.poker\/en\/wp-json\/wp\/v2\/media?parent=67284"}],"wp:term":[{"taxonomy":"product_brand","embeddable":true,"href":"https:\/\/polarize.poker\/en\/wp-json\/wp\/v2\/product_brand?post=67284"},{"taxonomy":"product_cat","embeddable":true,"href":"https:\/\/polarize.poker\/en\/wp-json\/wp\/v2\/product_cat?post=67284"},{"taxonomy":"product_tag","embeddable":true,"href":"https:\/\/polarize.poker\/en\/wp-json\/wp\/v2\/product_tag?post=67284"}],"curies":[{"name":"wp","href":"https:\/\/api.w.org\/{rel}","templated":true}]}}